{"id":99,"date":"2019-11-16T23:26:29","date_gmt":"2019-11-16T22:26:29","guid":{"rendered":"http:\/\/www.bulle-sacree.be\/dounia\/?page_id=99"},"modified":"2024-04-24T13:58:38","modified_gmt":"2024-04-24T11:58:38","slug":"tarifs","status":"publish","type":"page","link":"http:\/\/www.bulle-sacree.be\/dounia\/index.php\/tarifs\/","title":{"rendered":"Tarifs"},"content":{"rendered":"\t\t<div data-elementor-type=\"wp-page\" data-elementor-id=\"99\" class=\"elementor elementor-99\" data-elementor-settings=\"[]\">\n\t\t\t\t\t\t<div class=\"elementor-inner\">\n\t\t\t\t\t\t\t<div class=\"elementor-section-wrap\">\n\t\t\t\t\t\t\t<section class=\"elementor-section elementor-top-section elementor-element elementor-element-1c243305 elementor-section-content-middle elementor-section-boxed elementor-section-height-default elementor-section-height-default\" data-id=\"1c243305\" data-element_type=\"section\">\n\t\t\t\t\t\t<div class=\"elementor-container elementor-column-gap-default\">\n\t\t\t\t\t\t\t<div class=\"elementor-row\">\n\t\t\t\t\t<div class=\"elementor-column elementor-col-33 elementor-top-column elementor-element elementor-element-4c9f7e77\" data-id=\"4c9f7e77\" data-element_type=\"column\" data-settings=\"{&quot;background_background&quot;:&quot;classic&quot;}\">\n\t\t\t<div class=\"elementor-column-wrap elementor-element-populated\">\n\t\t\t\t\t\t\t<div class=\"elementor-widget-wrap\">\n\t\t\t\t\t\t<div class=\"elementor-element elementor-element-2a19f02f elementor-widget elementor-widget-heading\" data-id=\"2a19f02f\" data-element_type=\"widget\" data-widget_type=\"heading.default\">\n\t\t\t\t<div class=\"elementor-widget-container\">\n\t\t\t<h3 class=\"elementor-heading-title elementor-size-default\">MASSAGES - SOINS<\/h3>\t\t<\/div>\n\t\t\t\t<\/div>\n\t\t\t\t<div class=\"elementor-element elementor-element-8aba31b elementor-widget elementor-widget-text-editor\" data-id=\"8aba31b\" data-element_type=\"widget\" data-widget_type=\"text-editor.default\">\n\t\t\t\t<div class=\"elementor-widget-container\">\n\t\t\t\t\t<div class=\"elementor-text-editor elementor-clearfix\"><p><strong>Massage<\/strong> <br \/>Pr\u00e9conception<br \/>Pr\u00e9natal<br \/>Postnatal<br \/><strong>2h\u00a0 &#8211;\u00a0 90\u20ac<\/strong><\/p>\n<p>Temps d&rsquo;accueil et de partage inclus<\/p>\n<p><strong>Massage f\u00e9minin<\/strong> <br \/>2h\u00a0 &#8211;\u00a0 90\u20ac<br \/>Temps d&rsquo;accueil et de partage inclus<\/p>\n<p><strong>Massage du ventre<\/strong><br \/>1h &#8211; 65\u20ac<\/p>\n<p><strong>Rituel Rebozo<\/strong> <br \/>3h30\u00a0 &#8211;\u00a0 180\u20ac\/300\u20ac<\/p>\n<p><strong>Serrage du bassin<\/strong><br \/>15\u20ac<\/p>\n<p><strong>Achat d&rsquo;un rebozo<\/strong> <br \/>30\u20ac<\/p><\/div>\n\t\t\t\t<\/div>\n\t\t\t\t<\/div>\n\t\t\t\t\t\t<\/div>\n\t\t\t\t\t<\/div>\n\t\t<\/div>\n\t\t\t\t<div class=\"elementor-column elementor-col-33 elementor-top-column elementor-element elementor-element-469ce793\" data-id=\"469ce793\" data-element_type=\"column\" data-settings=\"{&quot;background_background&quot;:&quot;classic&quot;}\">\n\t\t\t<div class=\"elementor-column-wrap elementor-element-populated\">\n\t\t\t\t\t\t\t<div class=\"elementor-widget-wrap\">\n\t\t\t\t\t\t<div class=\"elementor-element elementor-element-53e09359 elementor-widget elementor-widget-image\" data-id=\"53e09359\" data-element_type=\"widget\" data-widget_type=\"image.default\">\n\t\t\t\t<div class=\"elementor-widget-container\">\n\t\t\t\t\t<div class=\"elementor-image\">\n\t\t\t\t\t\t\t\t\t\t<img loading=\"lazy\" decoding=\"async\" width=\"640\" height=\"640\" src=\"http:\/\/www.bulle-sacree.be\/dounia\/wp-content\/uploads\/2021\/02\/Tarif.png\" class=\"attachment-large size-large\" alt=\"\" srcset=\"http:\/\/www.bulle-sacree.be\/dounia\/wp-content\/uploads\/2021\/02\/Tarif.png 800w, http:\/\/www.bulle-sacree.be\/dounia\/wp-content\/uploads\/2021\/02\/Tarif-300x300.png 300w, http:\/\/www.bulle-sacree.be\/dounia\/wp-content\/uploads\/2021\/02\/Tarif-150x150.png 150w, http:\/\/www.bulle-sacree.be\/dounia\/wp-content\/uploads\/2021\/02\/Tarif-768x768.png 768w\" sizes=\"auto, (max-width: 640px) 100vw, 640px\" \/>\t\t\t\t\t\t\t\t\t\t\t<\/div>\n\t\t\t\t<\/div>\n\t\t\t\t<\/div>\n\t\t\t\t\t\t<\/div>\n\t\t\t\t\t<\/div>\n\t\t<\/div>\n\t\t\t\t<div class=\"elementor-column elementor-col-33 elementor-top-column elementor-element elementor-element-514300e4\" data-id=\"514300e4\" data-element_type=\"column\" data-settings=\"{&quot;background_background&quot;:&quot;classic&quot;}\">\n\t\t\t<div class=\"elementor-column-wrap elementor-element-populated\">\n\t\t\t\t\t\t\t<div class=\"elementor-widget-wrap\">\n\t\t\t\t\t\t<div class=\"elementor-element elementor-element-49cfff62 elementor-widget elementor-widget-heading\" data-id=\"49cfff62\" data-element_type=\"widget\" data-widget_type=\"heading.default\">\n\t\t\t\t<div class=\"elementor-widget-container\">\n\t\t\t<h3 class=\"elementor-heading-title elementor-size-default\">ACCOMPAGNEMENT - CERCLES<\/h3>\t\t<\/div>\n\t\t\t\t<\/div>\n\t\t\t\t<div class=\"elementor-element elementor-element-4ca272f elementor-widget elementor-widget-text-editor\" data-id=\"4ca272f\" data-element_type=\"widget\" data-widget_type=\"text-editor.default\">\n\t\t\t\t<div class=\"elementor-widget-container\">\n\t\t\t\t\t<div class=\"elementor-text-editor elementor-clearfix\"><p><strong style=\"color: var( --e-global-color-text ); font-family: var( --e-global-typography-text-font-family ), Sans-serif;\">Soutien postnatal \u00e0 domicile: <\/strong><span style=\"color: var( --e-global-color-text ); font-family: var( --e-global-typography-text-font-family ), Sans-serif;\">A discuter ensemble selon les besoins<br \/><br \/><strong>Atelier massage b\u00e9b\u00e9<\/strong>: Sur demande<\/span><\/p>\n<p><strong>Cercles de Femmes<br \/><\/strong>25\u20ac<\/p><\/div>\n\t\t\t\t<\/div>\n\t\t\t\t<\/div>\n\t\t\t\t\t\t<\/div>\n\t\t\t\t\t<\/div>\n\t\t<\/div>\n\t\t\t\t\t\t\t\t<\/div>\n\t\t\t\t\t<\/div>\n\t\t<\/section>\n\t\t\t\t<section class=\"elementor-section elementor-top-section elementor-element elementor-element-7444c682 elementor-section-boxed elementor-section-height-default elementor-section-height-default\" data-id=\"7444c682\" data-element_type=\"section\">\n\t\t\t\t\t\t<div class=\"elementor-container elementor-column-gap-default\">\n\t\t\t\t\t\t\t<div class=\"elementor-row\">\n\t\t\t\t\t<div class=\"elementor-column elementor-col-100 elementor-top-column elementor-element elementor-element-5209f0db\" data-id=\"5209f0db\" data-element_type=\"column\">\n\t\t\t<div class=\"elementor-column-wrap elementor-element-populated\">\n\t\t\t\t\t\t\t<div class=\"elementor-widget-wrap\">\n\t\t\t\t\t\t<div class=\"elementor-element elementor-element-74e60a06 elementor-widget elementor-widget-text-editor\" data-id=\"74e60a06\" data-element_type=\"widget\" data-widget_type=\"text-editor.default\">\n\t\t\t\t<div class=\"elementor-widget-container\">\n\t\t\t\t\t<div class=\"elementor-text-editor elementor-clearfix\"><p><!-- wp:paragraph --><\/p>\n<p><em>* L&rsquo;argent ne doit jamais \u00eatre un frein \u00e0 votre bien \u00eatre, parlons-en *<\/em><\/p>\n<p><!-- \/wp:paragraph --><\/p>\n<p>\u00a0<\/p><\/div>\n\t\t\t\t<\/div>\n\t\t\t\t<\/div>\n\t\t\t\t\t\t<\/div>\n\t\t\t\t\t<\/div>\n\t\t<\/div>\n\t\t\t\t\t\t\t\t<\/div>\n\t\t\t\t\t<\/div>\n\t\t<\/section>\n\t\t\t\t<section class=\"elementor-section elementor-top-section elementor-element elementor-element-48c7ed2 elementor-section-boxed elementor-section-height-default elementor-section-height-default\" data-id=\"48c7ed2\" data-element_type=\"section\" data-settings=\"{&quot;background_background&quot;:&quot;classic&quot;}\">\n\t\t\t\t\t\t<div class=\"elementor-container elementor-column-gap-default\">\n\t\t\t\t\t\t\t<div class=\"elementor-row\">\n\t\t\t\t\t<div class=\"elementor-column elementor-col-100 elementor-top-column elementor-element elementor-element-c0d7b08\" data-id=\"c0d7b08\" data-element_type=\"column\">\n\t\t\t<div class=\"elementor-column-wrap elementor-element-populated\">\n\t\t\t\t\t\t\t<div class=\"elementor-widget-wrap\">\n\t\t\t\t\t\t<div class=\"elementor-element elementor-element-a94f98f elementor-widget elementor-widget-text-editor\" data-id=\"a94f98f\" data-element_type=\"widget\" data-widget_type=\"text-editor.default\">\n\t\t\t\t<div class=\"elementor-widget-container\">\n\t\t\t\t\t<div class=\"elementor-text-editor elementor-clearfix\"><p><strong>Tous mes services peuvent s&rsquo;offrir en bon cadeau, pensez-y!<\/strong><\/p><\/div>\n\t\t\t\t<\/div>\n\t\t\t\t<\/div>\n\t\t\t\t\t\t<\/div>\n\t\t\t\t\t<\/div>\n\t\t<\/div>\n\t\t\t\t\t\t\t\t<\/div>\n\t\t\t\t\t<\/div>\n\t\t<\/section>\n\t\t\t\t\t\t<\/div>\n\t\t\t\t\t\t<\/div>\n\t\t\t\t\t<\/div>\n\t\t","protected":false},"excerpt":{"rendered":"<p>MASSAGES &#8211; SOINS Massage Pr\u00e9conceptionPr\u00e9natalPostnatal2h\u00a0 &#8211;\u00a0 90\u20ac Temps d&rsquo;accueil et de partage inclus Massage f\u00e9minin 2h\u00a0 &#8211;\u00a0 90\u20acTemps d&rsquo;accueil et de partage inclus Massage du ventre1h &#8211; 65\u20ac Rituel Rebozo 3h30\u00a0 &#8211;\u00a0 180\u20ac\/300\u20ac Serrage du bassin15\u20ac Achat d&rsquo;un rebozo 30\u20ac ACCOMPAGNEMENT &#8211; CERCLES Soutien postnatal \u00e0 domicile: A discuter ensemble selon les besoins Atelier massage [&hellip;]<\/p>\n","protected":false},"author":1,"featured_media":0,"parent":0,"menu_order":0,"comment_status":"closed","ping_status":"closed","template":"","meta":{"footnotes":""},"class_list":["post-99","page","type-page","status-publish","hentry"],"_links":{"self":[{"href":"http:\/\/www.bulle-sacree.be\/dounia\/index.php\/wp-json\/wp\/v2\/pages\/99","targetHints":{"allow":["GET"]}}],"collection":[{"href":"http:\/\/www.bulle-sacree.be\/dounia\/index.php\/wp-json\/wp\/v2\/pages"}],"about":[{"href":"http:\/\/www.bulle-sacree.be\/dounia\/index.php\/wp-json\/wp\/v2\/types\/page"}],"author":[{"embeddable":true,"href":"http:\/\/www.bulle-sacree.be\/dounia\/index.php\/wp-json\/wp\/v2\/users\/1"}],"replies":[{"embeddable":true,"href":"http:\/\/www.bulle-sacree.be\/dounia\/index.php\/wp-json\/wp\/v2\/comments?post=99"}],"version-history":[{"count":104,"href":"http:\/\/www.bulle-sacree.be\/dounia\/index.php\/wp-json\/wp\/v2\/pages\/99\/revisions"}],"predecessor-version":[{"id":1557,"href":"http:\/\/www.bulle-sacree.be\/dounia\/index.php\/wp-json\/wp\/v2\/pages\/99\/revisions\/1557"}],"wp:attachment":[{"href":"http:\/\/www.bulle-sacree.be\/dounia\/index.php\/wp-json\/wp\/v2\/media?parent=99"}],"curies":[{"name":"wp","href":"https:\/\/api.w.org\/{rel}","templated":true}]}}