{"id":976,"date":"2021-02-27T09:16:16","date_gmt":"2021-02-27T08:16:16","guid":{"rendered":"http:\/\/www.bulle-sacree.be\/dounia\/?page_id=976"},"modified":"2021-04-06T11:02:34","modified_gmt":"2021-04-06T09:02:34","slug":"resserrage-du-bassin","status":"publish","type":"page","link":"http:\/\/www.bulle-sacree.be\/dounia\/index.php\/rituel-soin-rebozo\/resserrage-du-bassin\/","title":{"rendered":"Resserrage du bassin"},"content":{"rendered":"\t\t<div data-elementor-type=\"wp-page\" data-elementor-id=\"976\" class=\"elementor elementor-976\" data-elementor-settings=\"[]\">\n\t\t\t\t\t\t<div class=\"elementor-inner\">\n\t\t\t\t\t\t\t<div class=\"elementor-section-wrap\">\n\t\t\t\t\t\t\t<section class=\"elementor-section elementor-top-section elementor-element elementor-element-517fb627 elementor-section-content-middle elementor-section-stretched elementor-section-boxed elementor-section-height-default elementor-section-height-default\" data-id=\"517fb627\" data-element_type=\"section\" data-settings=\"{&quot;stretch_section&quot;:&quot;section-stretched&quot;,&quot;background_background&quot;:&quot;classic&quot;}\">\n\t\t\t\t\t\t<div class=\"elementor-container elementor-column-gap-wider\">\n\t\t\t\t\t\t\t<div class=\"elementor-row\">\n\t\t\t\t\t<div class=\"elementor-column elementor-col-33 elementor-top-column elementor-element elementor-element-73e377fb\" data-id=\"73e377fb\" data-element_type=\"column\">\n\t\t\t<div class=\"elementor-column-wrap elementor-element-populated\">\n\t\t\t\t\t\t\t<div class=\"elementor-widget-wrap\">\n\t\t\t\t\t\t<div class=\"elementor-element elementor-element-70f6c867 animated-slow elementor-invisible elementor-widget elementor-widget-image\" data-id=\"70f6c867\" data-element_type=\"widget\" data-settings=\"{&quot;_animation&quot;:&quot;fadeIn&quot;}\" data-widget_type=\"image.default\">\n\t\t\t\t<div class=\"elementor-widget-container\">\n\t\t\t\t\t<div class=\"elementor-image\">\n\t\t\t\t\t\t\t\t\t\t<img loading=\"lazy\" decoding=\"async\" width=\"640\" height=\"640\" src=\"http:\/\/www.bulle-sacree.be\/dounia\/wp-content\/uploads\/2021\/02\/resserrage-bassin.png\" class=\"attachment-large size-large\" alt=\"\" srcset=\"http:\/\/www.bulle-sacree.be\/dounia\/wp-content\/uploads\/2021\/02\/resserrage-bassin.png 800w, http:\/\/www.bulle-sacree.be\/dounia\/wp-content\/uploads\/2021\/02\/resserrage-bassin-300x300.png 300w, http:\/\/www.bulle-sacree.be\/dounia\/wp-content\/uploads\/2021\/02\/resserrage-bassin-150x150.png 150w, http:\/\/www.bulle-sacree.be\/dounia\/wp-content\/uploads\/2021\/02\/resserrage-bassin-768x768.png 768w\" sizes=\"auto, (max-width: 640px) 100vw, 640px\" \/>\t\t\t\t\t\t\t\t\t\t\t<\/div>\n\t\t\t\t<\/div>\n\t\t\t\t<\/div>\n\t\t\t\t\t\t<\/div>\n\t\t\t\t\t<\/div>\n\t\t<\/div>\n\t\t\t\t<div class=\"elementor-column elementor-col-66 elementor-top-column elementor-element elementor-element-50ae693\" data-id=\"50ae693\" data-element_type=\"column\">\n\t\t\t<div class=\"elementor-column-wrap elementor-element-populated\">\n\t\t\t\t\t\t\t<div class=\"elementor-widget-wrap\">\n\t\t\t\t\t\t<div class=\"elementor-element elementor-element-1d31c33d elementor-widget elementor-widget-text-editor\" data-id=\"1d31c33d\" data-element_type=\"widget\" data-widget_type=\"text-editor.default\">\n\t\t\t\t<div class=\"elementor-widget-container\">\n\t\t\t\t\t<div class=\"elementor-text-editor elementor-clearfix\"><p><strong>Resserrer son bassin c\u2019est se faire c\u00e2liner<\/strong>, c\u2019est se recentrer, sentir les limites de ses hanches, aider les ligaments du bassin \u00e0 reprendre leur place apr\u00e8s l\u2019accouchement, se sentir soutenue, choy\u00e9e, prendre soin.<\/p><p>Je te propose un moment doux avec toi-m\u00eame, pendant lequel je te ferai un <strong>serrage<\/strong> de cette zone si particuli\u00e8re de ton corps, <strong>symbole de f\u00e9minit\u00e9 et berceau de l\u2019humanit\u00e9<\/strong>.<\/p><p>Si tu sens l\u2019appel, que <strong>c\u2019est le moment <\/strong>sur ton chemin de femme, que tu es <strong>curieuse,<\/strong> bienvenue.<\/p><p>Je peux te cr\u00e9er un rendez-vous \u00ab \u00e0 la carte \u00bb (ex : bercements rebozo+serrage, serrage lors d\u2019une visite postpartum, massage+serrage, etc).<\/p><p><strong>Tarif : 15\u20ac pour le resserrage du bassin<br \/><br \/>Contacte moi<a href=\"http:\/\/www.bulle-sacree.be\/dounia\/index.php\/contact\/\"> ici<\/a><\/strong><\/p><\/div>\n\t\t\t\t<\/div>\n\t\t\t\t<\/div>\n\t\t\t\t\t\t<\/div>\n\t\t\t\t\t<\/div>\n\t\t<\/div>\n\t\t\t\t\t\t\t\t<\/div>\n\t\t\t\t\t<\/div>\n\t\t<\/section>\n\t\t\t\t\t\t<\/div>\n\t\t\t\t\t\t<\/div>\n\t\t\t\t\t<\/div>\n\t\t","protected":false},"excerpt":{"rendered":"<p>Resserrer son bassin c\u2019est se faire c\u00e2liner, c\u2019est se recentrer, sentir les limites de ses hanches, aider les ligaments du bassin \u00e0 reprendre leur place apr\u00e8s l\u2019accouchement, se sentir soutenue, choy\u00e9e, prendre soin. Je te propose un moment doux avec toi-m\u00eame, pendant lequel je te ferai un serrage de cette zone si particuli\u00e8re de ton [&hellip;]<\/p>\n","protected":false},"author":2,"featured_media":0,"parent":93,"menu_order":0,"comment_status":"closed","ping_status":"closed","template":"","meta":{"footnotes":""},"class_list":["post-976","page","type-page","status-publish","hentry"],"_links":{"self":[{"href":"http:\/\/www.bulle-sacree.be\/dounia\/index.php\/wp-json\/wp\/v2\/pages\/976","targetHints":{"allow":["GET"]}}],"collection":[{"href":"http:\/\/www.bulle-sacree.be\/dounia\/index.php\/wp-json\/wp\/v2\/pages"}],"about":[{"href":"http:\/\/www.bulle-sacree.be\/dounia\/index.php\/wp-json\/wp\/v2\/types\/page"}],"author":[{"embeddable":true,"href":"http:\/\/www.bulle-sacree.be\/dounia\/index.php\/wp-json\/wp\/v2\/users\/2"}],"replies":[{"embeddable":true,"href":"http:\/\/www.bulle-sacree.be\/dounia\/index.php\/wp-json\/wp\/v2\/comments?post=976"}],"version-history":[{"count":13,"href":"http:\/\/www.bulle-sacree.be\/dounia\/index.php\/wp-json\/wp\/v2\/pages\/976\/revisions"}],"predecessor-version":[{"id":1238,"href":"http:\/\/www.bulle-sacree.be\/dounia\/index.php\/wp-json\/wp\/v2\/pages\/976\/revisions\/1238"}],"up":[{"embeddable":true,"href":"http:\/\/www.bulle-sacree.be\/dounia\/index.php\/wp-json\/wp\/v2\/pages\/93"}],"wp:attachment":[{"href":"http:\/\/www.bulle-sacree.be\/dounia\/index.php\/wp-json\/wp\/v2\/media?parent=976"}],"curies":[{"name":"wp","href":"https:\/\/api.w.org\/{rel}","templated":true}]}}