{"id":974,"date":"2021-02-27T09:15:52","date_gmt":"2021-02-27T08:15:52","guid":{"rendered":"http:\/\/www.bulle-sacree.be\/dounia\/?page_id=974"},"modified":"2026-01-27T14:44:21","modified_gmt":"2026-01-27T13:44:21","slug":"bercement-rebozo","status":"publish","type":"page","link":"http:\/\/www.bulle-sacree.be\/dounia\/index.php\/rituel-soin-rebozo\/bercement-rebozo\/","title":{"rendered":"Bercement Rebozo"},"content":{"rendered":"\t\t<div data-elementor-type=\"wp-page\" data-elementor-id=\"974\" class=\"elementor elementor-974\" data-elementor-settings=\"[]\">\n\t\t\t\t\t\t<div class=\"elementor-inner\">\n\t\t\t\t\t\t\t<div class=\"elementor-section-wrap\">\n\t\t\t\t\t\t\t<section class=\"elementor-section elementor-top-section elementor-element elementor-element-551be857 elementor-section-content-middle elementor-section-stretched elementor-section-boxed elementor-section-height-default elementor-section-height-default\" data-id=\"551be857\" data-element_type=\"section\" data-settings=\"{&quot;stretch_section&quot;:&quot;section-stretched&quot;,&quot;background_background&quot;:&quot;classic&quot;}\">\n\t\t\t\t\t\t<div class=\"elementor-container elementor-column-gap-wider\">\n\t\t\t\t\t\t\t<div class=\"elementor-row\">\n\t\t\t\t\t<div class=\"elementor-column elementor-col-33 elementor-top-column elementor-element elementor-element-229648a1\" data-id=\"229648a1\" data-element_type=\"column\">\n\t\t\t<div class=\"elementor-column-wrap elementor-element-populated\">\n\t\t\t\t\t\t\t<div class=\"elementor-widget-wrap\">\n\t\t\t\t\t\t<div class=\"elementor-element elementor-element-7ee29aed animated-slow elementor-invisible elementor-widget elementor-widget-image\" data-id=\"7ee29aed\" data-element_type=\"widget\" data-settings=\"{&quot;_animation&quot;:&quot;fadeIn&quot;}\" data-widget_type=\"image.default\">\n\t\t\t\t<div class=\"elementor-widget-container\">\n\t\t\t\t\t<div class=\"elementor-image\">\n\t\t\t\t\t\t\t\t\t\t<img loading=\"lazy\" decoding=\"async\" width=\"640\" height=\"640\" src=\"http:\/\/www.bulle-sacree.be\/dounia\/wp-content\/uploads\/2026\/01\/Accompagnement-naissance-3-768x768.png\" class=\"attachment-medium_large size-medium_large\" alt=\"\" srcset=\"http:\/\/www.bulle-sacree.be\/dounia\/wp-content\/uploads\/2026\/01\/Accompagnement-naissance-3-768x768.png 768w, http:\/\/www.bulle-sacree.be\/dounia\/wp-content\/uploads\/2026\/01\/Accompagnement-naissance-3-300x300.png 300w, http:\/\/www.bulle-sacree.be\/dounia\/wp-content\/uploads\/2026\/01\/Accompagnement-naissance-3-150x150.png 150w, http:\/\/www.bulle-sacree.be\/dounia\/wp-content\/uploads\/2026\/01\/Accompagnement-naissance-3.png 800w\" sizes=\"auto, (max-width: 640px) 100vw, 640px\" \/>\t\t\t\t\t\t\t\t\t\t\t<\/div>\n\t\t\t\t<\/div>\n\t\t\t\t<\/div>\n\t\t\t\t\t\t<\/div>\n\t\t\t\t\t<\/div>\n\t\t<\/div>\n\t\t\t\t<div class=\"elementor-column elementor-col-66 elementor-top-column elementor-element elementor-element-163809a3\" data-id=\"163809a3\" data-element_type=\"column\">\n\t\t\t<div class=\"elementor-column-wrap elementor-element-populated\">\n\t\t\t\t\t\t\t<div class=\"elementor-widget-wrap\">\n\t\t\t\t\t\t<div class=\"elementor-element elementor-element-12cc4a13 elementor-widget elementor-widget-text-editor\" data-id=\"12cc4a13\" data-element_type=\"widget\" data-widget_type=\"text-editor.default\">\n\t\t\t\t<div class=\"elementor-widget-container\">\n\t\t\t\t\t<div class=\"elementor-text-editor elementor-clearfix\"><p>Le Rebozo peut \u00eatre utilis\u00e9 pour un moment de relaxation durant toute la vie et pour tous (homme, femme, enfant)<\/p><p>A l\u2019aide du tissu, je t&rsquo;offre un moment d\u2019\u00e9tirements du corps, de relaxation et d\u2019ondulations afin de t&rsquo;amener vers une profonde d\u00e9tente et d\u00e9connexion.<\/p><p>Ce moment se d\u00e9roule au sol et peut se combiner facilement avec un autre rendez-vous (serrage du bassin, visite postnatale, pour terminer un rendez vous Doula, etc.)<\/p><p>Dur\u00e9e: 1h\u00a0 &#8211;\u00a0 Tarif: 45\u20ac<\/p><p>Contacte moi<a href=\"http:\/\/www.bulle-sacree.be\/dounia\/index.php\/contact\/\"> ici<\/a>.<\/p><\/div>\n\t\t\t\t<\/div>\n\t\t\t\t<\/div>\n\t\t\t\t\t\t<\/div>\n\t\t\t\t\t<\/div>\n\t\t<\/div>\n\t\t\t\t\t\t\t\t<\/div>\n\t\t\t\t\t<\/div>\n\t\t<\/section>\n\t\t\t\t<section class=\"elementor-section elementor-top-section elementor-element elementor-element-6ae778c elementor-section-boxed elementor-section-height-default elementor-section-height-default\" data-id=\"6ae778c\" data-element_type=\"section\">\n\t\t\t\t\t\t<div class=\"elementor-container elementor-column-gap-default\">\n\t\t\t\t\t\t\t<div class=\"elementor-row\">\n\t\t\t\t\t<div class=\"elementor-column elementor-col-33 elementor-top-column elementor-element elementor-element-70facc1\" data-id=\"70facc1\" data-element_type=\"column\">\n\t\t\t<div class=\"elementor-column-wrap elementor-element-populated\">\n\t\t\t\t\t\t\t<div class=\"elementor-widget-wrap\">\n\t\t\t\t\t\t<div class=\"elementor-element elementor-element-54c584a elementor-widget elementor-widget-image\" data-id=\"54c584a\" data-element_type=\"widget\" data-widget_type=\"image.default\">\n\t\t\t\t<div class=\"elementor-widget-container\">\n\t\t\t\t\t<div class=\"elementor-image\">\n\t\t\t\t\t\t\t\t\t\t<img loading=\"lazy\" decoding=\"async\" width=\"206\" height=\"206\" src=\"http:\/\/www.bulle-sacree.be\/dounia\/wp-content\/uploads\/2026\/01\/561074729_1394343726032203_278734518266252625_n.jpg\" class=\"attachment-large size-large\" alt=\"\" srcset=\"http:\/\/www.bulle-sacree.be\/dounia\/wp-content\/uploads\/2026\/01\/561074729_1394343726032203_278734518266252625_n.jpg 206w, http:\/\/www.bulle-sacree.be\/dounia\/wp-content\/uploads\/2026\/01\/561074729_1394343726032203_278734518266252625_n-150x150.jpg 150w\" sizes=\"auto, (max-width: 206px) 100vw, 206px\" \/>\t\t\t\t\t\t\t\t\t\t\t<\/div>\n\t\t\t\t<\/div>\n\t\t\t\t<\/div>\n\t\t\t\t\t\t<\/div>\n\t\t\t\t\t<\/div>\n\t\t<\/div>\n\t\t\t\t<div class=\"elementor-column elementor-col-33 elementor-top-column elementor-element elementor-element-684b347\" data-id=\"684b347\" data-element_type=\"column\">\n\t\t\t<div class=\"elementor-column-wrap elementor-element-populated\">\n\t\t\t\t\t\t\t<div class=\"elementor-widget-wrap\">\n\t\t\t\t\t\t<div class=\"elementor-element elementor-element-6f39e9d elementor-widget elementor-widget-image\" data-id=\"6f39e9d\" data-element_type=\"widget\" data-widget_type=\"image.default\">\n\t\t\t\t<div class=\"elementor-widget-container\">\n\t\t\t\t\t<div class=\"elementor-image\">\n\t\t\t\t\t\t\t\t\t\t<img loading=\"lazy\" decoding=\"async\" width=\"206\" height=\"206\" src=\"http:\/\/www.bulle-sacree.be\/dounia\/wp-content\/uploads\/2026\/01\/559001986_1394343562698886_7337711912340029398_n.jpg\" class=\"attachment-large size-large\" alt=\"\" srcset=\"http:\/\/www.bulle-sacree.be\/dounia\/wp-content\/uploads\/2026\/01\/559001986_1394343562698886_7337711912340029398_n.jpg 206w, http:\/\/www.bulle-sacree.be\/dounia\/wp-content\/uploads\/2026\/01\/559001986_1394343562698886_7337711912340029398_n-150x150.jpg 150w\" sizes=\"auto, (max-width: 206px) 100vw, 206px\" \/>\t\t\t\t\t\t\t\t\t\t\t<\/div>\n\t\t\t\t<\/div>\n\t\t\t\t<\/div>\n\t\t\t\t\t\t<\/div>\n\t\t\t\t\t<\/div>\n\t\t<\/div>\n\t\t\t\t<div class=\"elementor-column elementor-col-33 elementor-top-column elementor-element elementor-element-fe36d9c\" data-id=\"fe36d9c\" data-element_type=\"column\">\n\t\t\t<div class=\"elementor-column-wrap elementor-element-populated\">\n\t\t\t\t\t\t\t<div class=\"elementor-widget-wrap\">\n\t\t\t\t\t\t<div class=\"elementor-element elementor-element-2dff810 elementor-widget elementor-widget-image\" data-id=\"2dff810\" data-element_type=\"widget\" data-widget_type=\"image.default\">\n\t\t\t\t<div class=\"elementor-widget-container\">\n\t\t\t\t\t<div class=\"elementor-image\">\n\t\t\t\t\t\t\t\t\t\t<img loading=\"lazy\" decoding=\"async\" width=\"206\" height=\"206\" src=\"http:\/\/www.bulle-sacree.be\/dounia\/wp-content\/uploads\/2026\/01\/559046211_1394343059365603_6335289878796582968_n.jpg\" class=\"attachment-large size-large\" alt=\"\" srcset=\"http:\/\/www.bulle-sacree.be\/dounia\/wp-content\/uploads\/2026\/01\/559046211_1394343059365603_6335289878796582968_n.jpg 206w, http:\/\/www.bulle-sacree.be\/dounia\/wp-content\/uploads\/2026\/01\/559046211_1394343059365603_6335289878796582968_n-150x150.jpg 150w\" sizes=\"auto, (max-width: 206px) 100vw, 206px\" \/>\t\t\t\t\t\t\t\t\t\t\t<\/div>\n\t\t\t\t<\/div>\n\t\t\t\t<\/div>\n\t\t\t\t\t\t<\/div>\n\t\t\t\t\t<\/div>\n\t\t<\/div>\n\t\t\t\t\t\t\t\t<\/div>\n\t\t\t\t\t<\/div>\n\t\t<\/section>\n\t\t\t\t\t\t<\/div>\n\t\t\t\t\t\t<\/div>\n\t\t\t\t\t<\/div>\n\t\t","protected":false},"excerpt":{"rendered":"<p>Le Rebozo peut \u00eatre utilis\u00e9 pour un moment de relaxation durant toute la vie et pour tous (homme, femme, enfant) A l\u2019aide du tissu, je t&rsquo;offre un moment d\u2019\u00e9tirements du corps, de relaxation et d\u2019ondulations afin de t&rsquo;amener vers une profonde d\u00e9tente et d\u00e9connexion. Ce moment se d\u00e9roule au sol et peut se combiner facilement [&hellip;]<\/p>\n","protected":false},"author":2,"featured_media":0,"parent":93,"menu_order":0,"comment_status":"closed","ping_status":"closed","template":"","meta":{"footnotes":""},"class_list":["post-974","page","type-page","status-publish","hentry"],"_links":{"self":[{"href":"http:\/\/www.bulle-sacree.be\/dounia\/index.php\/wp-json\/wp\/v2\/pages\/974","targetHints":{"allow":["GET"]}}],"collection":[{"href":"http:\/\/www.bulle-sacree.be\/dounia\/index.php\/wp-json\/wp\/v2\/pages"}],"about":[{"href":"http:\/\/www.bulle-sacree.be\/dounia\/index.php\/wp-json\/wp\/v2\/types\/page"}],"author":[{"embeddable":true,"href":"http:\/\/www.bulle-sacree.be\/dounia\/index.php\/wp-json\/wp\/v2\/users\/2"}],"replies":[{"embeddable":true,"href":"http:\/\/www.bulle-sacree.be\/dounia\/index.php\/wp-json\/wp\/v2\/comments?post=974"}],"version-history":[{"count":33,"href":"http:\/\/www.bulle-sacree.be\/dounia\/index.php\/wp-json\/wp\/v2\/pages\/974\/revisions"}],"predecessor-version":[{"id":1638,"href":"http:\/\/www.bulle-sacree.be\/dounia\/index.php\/wp-json\/wp\/v2\/pages\/974\/revisions\/1638"}],"up":[{"embeddable":true,"href":"http:\/\/www.bulle-sacree.be\/dounia\/index.php\/wp-json\/wp\/v2\/pages\/93"}],"wp:attachment":[{"href":"http:\/\/www.bulle-sacree.be\/dounia\/index.php\/wp-json\/wp\/v2\/media?parent=974"}],"curies":[{"name":"wp","href":"https:\/\/api.w.org\/{rel}","templated":true}]}}