{"id":972,"date":"2021-02-27T09:15:31","date_gmt":"2021-02-27T08:15:31","guid":{"rendered":"http:\/\/www.bulle-sacree.be\/dounia\/?page_id=972"},"modified":"2026-01-27T15:15:10","modified_gmt":"2026-01-27T14:15:10","slug":"rituel-rebozo","status":"publish","type":"page","link":"http:\/\/www.bulle-sacree.be\/dounia\/index.php\/rituel-soin-rebozo\/rituel-rebozo\/","title":{"rendered":"Rituel Rebozo"},"content":{"rendered":"\t\t<div data-elementor-type=\"wp-page\" data-elementor-id=\"972\" class=\"elementor elementor-972\" data-elementor-settings=\"[]\">\n\t\t\t\t\t\t<div class=\"elementor-inner\">\n\t\t\t\t\t\t\t<div class=\"elementor-section-wrap\">\n\t\t\t\t\t\t\t<section class=\"elementor-section elementor-top-section elementor-element elementor-element-34044bf1 elementor-section-content-middle elementor-section-stretched elementor-section-boxed elementor-section-height-default elementor-section-height-default\" data-id=\"34044bf1\" data-element_type=\"section\" data-settings=\"{&quot;stretch_section&quot;:&quot;section-stretched&quot;,&quot;background_background&quot;:&quot;classic&quot;}\">\n\t\t\t\t\t\t<div class=\"elementor-container elementor-column-gap-wider\">\n\t\t\t\t\t\t\t<div class=\"elementor-row\">\n\t\t\t\t\t<div class=\"elementor-column elementor-col-33 elementor-top-column elementor-element elementor-element-6f95fd14\" data-id=\"6f95fd14\" data-element_type=\"column\">\n\t\t\t<div class=\"elementor-column-wrap elementor-element-populated\">\n\t\t\t\t\t\t\t<div class=\"elementor-widget-wrap\">\n\t\t\t\t\t\t<div class=\"elementor-element elementor-element-6415e754 animated-slow elementor-invisible elementor-widget elementor-widget-image\" data-id=\"6415e754\" data-element_type=\"widget\" data-settings=\"{&quot;_animation&quot;:&quot;fadeIn&quot;}\" data-widget_type=\"image.default\">\n\t\t\t\t<div class=\"elementor-widget-container\">\n\t\t\t\t\t<div class=\"elementor-image\">\n\t\t\t\t\t\t\t\t\t\t<img loading=\"lazy\" decoding=\"async\" width=\"640\" height=\"640\" src=\"http:\/\/www.bulle-sacree.be\/dounia\/wp-content\/uploads\/2026\/01\/Accompagnement-naissance-4.png\" class=\"attachment-large size-large\" alt=\"\" srcset=\"http:\/\/www.bulle-sacree.be\/dounia\/wp-content\/uploads\/2026\/01\/Accompagnement-naissance-4.png 800w, http:\/\/www.bulle-sacree.be\/dounia\/wp-content\/uploads\/2026\/01\/Accompagnement-naissance-4-300x300.png 300w, http:\/\/www.bulle-sacree.be\/dounia\/wp-content\/uploads\/2026\/01\/Accompagnement-naissance-4-150x150.png 150w, http:\/\/www.bulle-sacree.be\/dounia\/wp-content\/uploads\/2026\/01\/Accompagnement-naissance-4-768x768.png 768w\" sizes=\"auto, (max-width: 640px) 100vw, 640px\" \/>\t\t\t\t\t\t\t\t\t\t\t<\/div>\n\t\t\t\t<\/div>\n\t\t\t\t<\/div>\n\t\t\t\t\t\t<\/div>\n\t\t\t\t\t<\/div>\n\t\t<\/div>\n\t\t\t\t<div class=\"elementor-column elementor-col-66 elementor-top-column elementor-element elementor-element-4c2d52a7\" data-id=\"4c2d52a7\" data-element_type=\"column\">\n\t\t\t<div class=\"elementor-column-wrap elementor-element-populated\">\n\t\t\t\t\t\t\t<div class=\"elementor-widget-wrap\">\n\t\t\t\t\t\t<div class=\"elementor-element elementor-element-4b697b8a elementor-widget elementor-widget-text-editor\" data-id=\"4b697b8a\" data-element_type=\"widget\" data-widget_type=\"text-editor.default\">\n\t\t\t\t<div class=\"elementor-widget-container\">\n\t\t\t\t\t<div class=\"elementor-text-editor elementor-clearfix\"><p>Le rituel soin rebozo est un soin entourant, maternant et fort que tu t\u2019offres lorsque tu vis <strong>une p\u00e9riode de transformation<\/strong> dans ta vie, que tu veux fermer et passer une \u00e9tape importante sur ton chemin (deuil, divorce, m\u00e9nopause, mariage, anniversaire, naissance, etc.).<\/p><p>C\u2019est un <strong>soin par la chaleur<\/strong>, donn\u00e9 traditionnellement par deux femmes.<\/p><\/div>\n\t\t\t\t<\/div>\n\t\t\t\t<\/div>\n\t\t\t\t\t\t<\/div>\n\t\t\t\t\t<\/div>\n\t\t<\/div>\n\t\t\t\t\t\t\t\t<\/div>\n\t\t\t\t\t<\/div>\n\t\t<\/section>\n\t\t\t\t<section class=\"elementor-section elementor-top-section elementor-element elementor-element-87b304f elementor-section-boxed elementor-section-height-default elementor-section-height-default\" data-id=\"87b304f\" data-element_type=\"section\">\n\t\t\t\t\t\t<div class=\"elementor-container elementor-column-gap-default\">\n\t\t\t\t\t\t\t<div class=\"elementor-row\">\n\t\t\t\t\t<div class=\"elementor-column elementor-col-100 elementor-top-column elementor-element elementor-element-9db0b54\" data-id=\"9db0b54\" data-element_type=\"column\">\n\t\t\t<div class=\"elementor-column-wrap elementor-element-populated\">\n\t\t\t\t\t\t\t<div class=\"elementor-widget-wrap\">\n\t\t\t\t\t\t<div class=\"elementor-element elementor-element-9bbdcec elementor-widget elementor-widget-text-editor\" data-id=\"9bbdcec\" data-element_type=\"widget\" data-widget_type=\"text-editor.default\">\n\t\t\t\t<div class=\"elementor-widget-container\">\n\t\t\t\t\t<div class=\"elementor-text-editor elementor-clearfix\"><p>Ce rituel traditionnel mexicain est propos\u00e9 en plusieurs moments\u00a0:<\/p><p>\u00b0 viens avec une <strong>intention<\/strong> personnelle, nous t\u2019\u00e9couterons avec le c\u0153ur <br \/>\u00b0 avec ton autorisation, <strong>nous te massons tout le corps<\/strong> <br \/>\u00b0 tu plongeras dans un <strong>bain chaud<\/strong>, agr\u00e9ment\u00e9 d\u2019herbes aromatiques bienfaisantes<br \/>\u00b0 nous proposerons un <strong>serrage<\/strong> du corps \u00e0 plusieurs endroits, <strong>\u00e0 l\u2019aide du tissus rebozo<\/strong><\/p><p>Tout au long du rituel, nous te servirons de la <strong>tisane<\/strong> avec des herbes adapt\u00e9es \u00e0 ta situation et ton besoin.<\/p><p>Ce soin t\u2019es ouvert si :<\/p><ul><li>Tu d\u00e9sires prendre <strong>un temps de reconnexion \u00e0 toi-m\u00eame<\/strong>, un <strong>lien fort avec ton \u00e2me<\/strong><\/li><li>Tu souhaites <strong>l\u00e2cher des couches<\/strong> qui n\u2019ont plus leur place dans ta vie.<\/li><li>Tu as besoin de te <strong>sentir serr\u00e9e<\/strong>, enserr\u00e9e, <strong>choy\u00e9e<\/strong>, retrouver les contours de ton corps<\/li><li>Tu es <strong>curieuse<\/strong> et \u00e0 envie de d\u00e9couvrir le rituel rebozo<\/li><\/ul><p>Possibilit\u00e9 de le recevoir a deux mains (moi seule) pour un tarif plus adapt\u00e9 \u00e0 toi, ou une intimit\u00e9 au plus proche de ta sensibilit\u00e9.<\/p><p><strong>Dur\u00e9e\u00a0: 3h<\/strong><\/p><p><strong>Tarif : 300\u20ac donn\u00e9 en duo \/ 180\u20ac donn\u00e9 seule.<\/strong><\/p><p>Contacte moi <a href=\"http:\/\/www.bulle-sacree.be\/dounia\/index.php\/contact\/\">ici<\/a><\/p><\/div>\n\t\t\t\t<\/div>\n\t\t\t\t<\/div>\n\t\t\t\t\t\t<\/div>\n\t\t\t\t\t<\/div>\n\t\t<\/div>\n\t\t\t\t\t\t\t\t<\/div>\n\t\t\t\t\t<\/div>\n\t\t<\/section>\n\t\t\t\t<section class=\"elementor-section elementor-top-section elementor-element elementor-element-719a40a4 elementor-section-stretched elementor-section-boxed elementor-section-height-default elementor-section-height-default\" data-id=\"719a40a4\" data-element_type=\"section\" data-settings=\"{&quot;stretch_section&quot;:&quot;section-stretched&quot;}\">\n\t\t\t\t\t\t<div class=\"elementor-container elementor-column-gap-default\">\n\t\t\t\t\t\t\t<div class=\"elementor-row\">\n\t\t\t\t\t<div class=\"elementor-column elementor-col-20 elementor-top-column elementor-element elementor-element-2cad2ee4\" data-id=\"2cad2ee4\" data-element_type=\"column\">\n\t\t\t<div class=\"elementor-column-wrap elementor-element-populated\">\n\t\t\t\t\t\t\t<div class=\"elementor-widget-wrap\">\n\t\t\t\t\t\t<div class=\"elementor-element elementor-element-c9c7014 elementor-widget elementor-widget-image\" data-id=\"c9c7014\" data-element_type=\"widget\" data-widget_type=\"image.default\">\n\t\t\t\t<div class=\"elementor-widget-container\">\n\t\t\t\t\t<div class=\"elementor-image\">\n\t\t\t\t\t\t\t\t\t\t<img loading=\"lazy\" decoding=\"async\" width=\"640\" height=\"427\" src=\"http:\/\/www.bulle-sacree.be\/dounia\/wp-content\/uploads\/2026\/01\/DSC00388-1024x683.jpg\" class=\"attachment-large size-large\" alt=\"\" srcset=\"http:\/\/www.bulle-sacree.be\/dounia\/wp-content\/uploads\/2026\/01\/DSC00388-1024x683.jpg 1024w, http:\/\/www.bulle-sacree.be\/dounia\/wp-content\/uploads\/2026\/01\/DSC00388-300x200.jpg 300w, http:\/\/www.bulle-sacree.be\/dounia\/wp-content\/uploads\/2026\/01\/DSC00388-768x512.jpg 768w, http:\/\/www.bulle-sacree.be\/dounia\/wp-content\/uploads\/2026\/01\/DSC00388-1536x1024.jpg 1536w, http:\/\/www.bulle-sacree.be\/dounia\/wp-content\/uploads\/2026\/01\/DSC00388-2048x1365.jpg 2048w\" sizes=\"auto, (max-width: 640px) 100vw, 640px\" \/>\t\t\t\t\t\t\t\t\t\t\t<\/div>\n\t\t\t\t<\/div>\n\t\t\t\t<\/div>\n\t\t\t\t\t\t<\/div>\n\t\t\t\t\t<\/div>\n\t\t<\/div>\n\t\t\t\t<div class=\"elementor-column elementor-col-20 elementor-top-column elementor-element elementor-element-23f67a27\" data-id=\"23f67a27\" data-element_type=\"column\">\n\t\t\t<div class=\"elementor-column-wrap elementor-element-populated\">\n\t\t\t\t\t\t\t<div class=\"elementor-widget-wrap\">\n\t\t\t\t\t\t<div class=\"elementor-element elementor-element-1222703 elementor-widget elementor-widget-image\" data-id=\"1222703\" data-element_type=\"widget\" data-widget_type=\"image.default\">\n\t\t\t\t<div class=\"elementor-widget-container\">\n\t\t\t\t\t<div class=\"elementor-image\">\n\t\t\t\t\t\t\t\t\t\t<img loading=\"lazy\" decoding=\"async\" width=\"640\" height=\"360\" src=\"http:\/\/www.bulle-sacree.be\/dounia\/wp-content\/uploads\/2026\/01\/DSC00450-1024x576.jpg\" class=\"attachment-large size-large\" alt=\"\" srcset=\"http:\/\/www.bulle-sacree.be\/dounia\/wp-content\/uploads\/2026\/01\/DSC00450-1024x576.jpg 1024w, http:\/\/www.bulle-sacree.be\/dounia\/wp-content\/uploads\/2026\/01\/DSC00450-300x169.jpg 300w, http:\/\/www.bulle-sacree.be\/dounia\/wp-content\/uploads\/2026\/01\/DSC00450-768x432.jpg 768w, http:\/\/www.bulle-sacree.be\/dounia\/wp-content\/uploads\/2026\/01\/DSC00450-1536x864.jpg 1536w, http:\/\/www.bulle-sacree.be\/dounia\/wp-content\/uploads\/2026\/01\/DSC00450-2048x1152.jpg 2048w\" sizes=\"auto, (max-width: 640px) 100vw, 640px\" \/>\t\t\t\t\t\t\t\t\t\t\t<\/div>\n\t\t\t\t<\/div>\n\t\t\t\t<\/div>\n\t\t\t\t\t\t<\/div>\n\t\t\t\t\t<\/div>\n\t\t<\/div>\n\t\t\t\t<div class=\"elementor-column elementor-col-20 elementor-top-column elementor-element elementor-element-391ab635\" data-id=\"391ab635\" data-element_type=\"column\">\n\t\t\t<div class=\"elementor-column-wrap elementor-element-populated\">\n\t\t\t\t\t\t\t<div class=\"elementor-widget-wrap\">\n\t\t\t\t\t\t<div class=\"elementor-element elementor-element-7e91eb4f elementor-widget elementor-widget-image\" data-id=\"7e91eb4f\" data-element_type=\"widget\" data-widget_type=\"image.default\">\n\t\t\t\t<div class=\"elementor-widget-container\">\n\t\t\t\t\t<div class=\"elementor-image\">\n\t\t\t\t\t\t\t\t\t\t<img decoding=\"async\" src=\"http:\/\/www.bulle-sacree.be\/dounia\/wp-content\/uploads\/elementor\/thumbs\/DSC00698-scaled-ri9x2mzg9l26lfs5w4h03ob6bzvhwli1qd4if049hc.jpg\" title=\"DSC00698\" alt=\"DSC00698\" \/>\t\t\t\t\t\t\t\t\t\t\t<\/div>\n\t\t\t\t<\/div>\n\t\t\t\t<\/div>\n\t\t\t\t\t\t<\/div>\n\t\t\t\t\t<\/div>\n\t\t<\/div>\n\t\t\t\t<div class=\"elementor-column elementor-col-20 elementor-top-column elementor-element elementor-element-34ad90c4\" data-id=\"34ad90c4\" data-element_type=\"column\">\n\t\t\t<div class=\"elementor-column-wrap elementor-element-populated\">\n\t\t\t\t\t\t\t<div class=\"elementor-widget-wrap\">\n\t\t\t\t\t\t<div class=\"elementor-element elementor-element-1976bc0b elementor-widget elementor-widget-image\" data-id=\"1976bc0b\" data-element_type=\"widget\" data-widget_type=\"image.default\">\n\t\t\t\t<div class=\"elementor-widget-container\">\n\t\t\t\t\t<div class=\"elementor-image\">\n\t\t\t\t\t\t\t\t\t\t<img loading=\"lazy\" decoding=\"async\" width=\"640\" height=\"360\" src=\"http:\/\/www.bulle-sacree.be\/dounia\/wp-content\/uploads\/2026\/01\/DSC00786-1024x576.jpg\" class=\"attachment-large size-large\" alt=\"\" srcset=\"http:\/\/www.bulle-sacree.be\/dounia\/wp-content\/uploads\/2026\/01\/DSC00786-1024x576.jpg 1024w, http:\/\/www.bulle-sacree.be\/dounia\/wp-content\/uploads\/2026\/01\/DSC00786-300x169.jpg 300w, http:\/\/www.bulle-sacree.be\/dounia\/wp-content\/uploads\/2026\/01\/DSC00786-768x432.jpg 768w, http:\/\/www.bulle-sacree.be\/dounia\/wp-content\/uploads\/2026\/01\/DSC00786-1536x864.jpg 1536w, http:\/\/www.bulle-sacree.be\/dounia\/wp-content\/uploads\/2026\/01\/DSC00786-2048x1152.jpg 2048w\" sizes=\"auto, (max-width: 640px) 100vw, 640px\" \/>\t\t\t\t\t\t\t\t\t\t\t<\/div>\n\t\t\t\t<\/div>\n\t\t\t\t<\/div>\n\t\t\t\t\t\t<\/div>\n\t\t\t\t\t<\/div>\n\t\t<\/div>\n\t\t\t\t<div class=\"elementor-column elementor-col-20 elementor-top-column elementor-element elementor-element-127e947e\" data-id=\"127e947e\" data-element_type=\"column\">\n\t\t\t<div class=\"elementor-column-wrap elementor-element-populated\">\n\t\t\t\t\t\t\t<div class=\"elementor-widget-wrap\">\n\t\t\t\t\t\t<div class=\"elementor-element elementor-element-5ff30bc8 elementor-widget elementor-widget-image\" data-id=\"5ff30bc8\" data-element_type=\"widget\" data-widget_type=\"image.default\">\n\t\t\t\t<div class=\"elementor-widget-container\">\n\t\t\t\t\t<div class=\"elementor-image\">\n\t\t\t\t\t\t\t\t\t\t<img loading=\"lazy\" decoding=\"async\" width=\"640\" height=\"427\" src=\"http:\/\/www.bulle-sacree.be\/dounia\/wp-content\/uploads\/2026\/01\/DSC00934-1024x683.jpg\" class=\"attachment-large size-large\" alt=\"\" srcset=\"http:\/\/www.bulle-sacree.be\/dounia\/wp-content\/uploads\/2026\/01\/DSC00934-1024x683.jpg 1024w, http:\/\/www.bulle-sacree.be\/dounia\/wp-content\/uploads\/2026\/01\/DSC00934-300x200.jpg 300w, http:\/\/www.bulle-sacree.be\/dounia\/wp-content\/uploads\/2026\/01\/DSC00934-768x512.jpg 768w, http:\/\/www.bulle-sacree.be\/dounia\/wp-content\/uploads\/2026\/01\/DSC00934-1536x1024.jpg 1536w, http:\/\/www.bulle-sacree.be\/dounia\/wp-content\/uploads\/2026\/01\/DSC00934-2048x1365.jpg 2048w\" sizes=\"auto, (max-width: 640px) 100vw, 640px\" \/>\t\t\t\t\t\t\t\t\t\t\t<\/div>\n\t\t\t\t<\/div>\n\t\t\t\t<\/div>\n\t\t\t\t\t\t<\/div>\n\t\t\t\t\t<\/div>\n\t\t<\/div>\n\t\t\t\t\t\t\t\t<\/div>\n\t\t\t\t\t<\/div>\n\t\t<\/section>\n\t\t\t\t<section class=\"elementor-section elementor-top-section elementor-element elementor-element-b56260a elementor-section-boxed elementor-section-height-default elementor-section-height-default\" data-id=\"b56260a\" data-element_type=\"section\">\n\t\t\t\t\t\t<div class=\"elementor-container elementor-column-gap-default\">\n\t\t\t\t\t\t\t<div class=\"elementor-row\">\n\t\t\t\t\t<div class=\"elementor-column elementor-col-20 elementor-top-column elementor-element elementor-element-d86a8c0\" data-id=\"d86a8c0\" data-element_type=\"column\">\n\t\t\t<div class=\"elementor-column-wrap elementor-element-populated\">\n\t\t\t\t\t\t\t<div class=\"elementor-widget-wrap\">\n\t\t\t\t\t\t<div class=\"elementor-element elementor-element-69f8506 elementor-widget elementor-widget-image\" data-id=\"69f8506\" data-element_type=\"widget\" data-widget_type=\"image.default\">\n\t\t\t\t<div class=\"elementor-widget-container\">\n\t\t\t\t\t<div class=\"elementor-image\">\n\t\t\t\t\t\t\t\t\t\t<img loading=\"lazy\" decoding=\"async\" width=\"640\" height=\"360\" src=\"http:\/\/www.bulle-sacree.be\/dounia\/wp-content\/uploads\/2026\/01\/DSC01022-1024x576.jpg\" class=\"attachment-large size-large\" alt=\"\" srcset=\"http:\/\/www.bulle-sacree.be\/dounia\/wp-content\/uploads\/2026\/01\/DSC01022-1024x576.jpg 1024w, http:\/\/www.bulle-sacree.be\/dounia\/wp-content\/uploads\/2026\/01\/DSC01022-300x169.jpg 300w, http:\/\/www.bulle-sacree.be\/dounia\/wp-content\/uploads\/2026\/01\/DSC01022-768x432.jpg 768w, http:\/\/www.bulle-sacree.be\/dounia\/wp-content\/uploads\/2026\/01\/DSC01022-1536x864.jpg 1536w, http:\/\/www.bulle-sacree.be\/dounia\/wp-content\/uploads\/2026\/01\/DSC01022-2048x1152.jpg 2048w\" sizes=\"auto, (max-width: 640px) 100vw, 640px\" \/>\t\t\t\t\t\t\t\t\t\t\t<\/div>\n\t\t\t\t<\/div>\n\t\t\t\t<\/div>\n\t\t\t\t\t\t<\/div>\n\t\t\t\t\t<\/div>\n\t\t<\/div>\n\t\t\t\t<div class=\"elementor-column elementor-col-20 elementor-top-column elementor-element elementor-element-fca5052\" data-id=\"fca5052\" data-element_type=\"column\">\n\t\t\t<div class=\"elementor-column-wrap elementor-element-populated\">\n\t\t\t\t\t\t\t<div class=\"elementor-widget-wrap\">\n\t\t\t\t\t\t<div class=\"elementor-element elementor-element-b96deba elementor-widget elementor-widget-image\" data-id=\"b96deba\" data-element_type=\"widget\" data-widget_type=\"image.default\">\n\t\t\t\t<div class=\"elementor-widget-container\">\n\t\t\t\t\t<div class=\"elementor-image\">\n\t\t\t\t\t\t\t\t\t\t<img loading=\"lazy\" decoding=\"async\" width=\"640\" height=\"360\" src=\"http:\/\/www.bulle-sacree.be\/dounia\/wp-content\/uploads\/2026\/01\/DSC01125-1024x576.jpg\" class=\"attachment-large size-large\" alt=\"\" srcset=\"http:\/\/www.bulle-sacree.be\/dounia\/wp-content\/uploads\/2026\/01\/DSC01125-1024x576.jpg 1024w, http:\/\/www.bulle-sacree.be\/dounia\/wp-content\/uploads\/2026\/01\/DSC01125-300x169.jpg 300w, http:\/\/www.bulle-sacree.be\/dounia\/wp-content\/uploads\/2026\/01\/DSC01125-768x432.jpg 768w, http:\/\/www.bulle-sacree.be\/dounia\/wp-content\/uploads\/2026\/01\/DSC01125-1536x864.jpg 1536w, http:\/\/www.bulle-sacree.be\/dounia\/wp-content\/uploads\/2026\/01\/DSC01125-2048x1152.jpg 2048w\" sizes=\"auto, (max-width: 640px) 100vw, 640px\" \/>\t\t\t\t\t\t\t\t\t\t\t<\/div>\n\t\t\t\t<\/div>\n\t\t\t\t<\/div>\n\t\t\t\t\t\t<\/div>\n\t\t\t\t\t<\/div>\n\t\t<\/div>\n\t\t\t\t<div class=\"elementor-column elementor-col-20 elementor-top-column elementor-element elementor-element-32f65a2\" data-id=\"32f65a2\" data-element_type=\"column\">\n\t\t\t<div class=\"elementor-column-wrap elementor-element-populated\">\n\t\t\t\t\t\t\t<div class=\"elementor-widget-wrap\">\n\t\t\t\t\t\t<div class=\"elementor-element elementor-element-b35724c elementor-widget elementor-widget-image\" data-id=\"b35724c\" data-element_type=\"widget\" data-widget_type=\"image.default\">\n\t\t\t\t<div class=\"elementor-widget-container\">\n\t\t\t\t\t<div class=\"elementor-image\">\n\t\t\t\t\t\t\t\t\t\t<img loading=\"lazy\" decoding=\"async\" width=\"640\" height=\"427\" src=\"http:\/\/www.bulle-sacree.be\/dounia\/wp-content\/uploads\/2026\/01\/DSC01218-1024x683.jpg\" class=\"attachment-large size-large\" alt=\"\" srcset=\"http:\/\/www.bulle-sacree.be\/dounia\/wp-content\/uploads\/2026\/01\/DSC01218-1024x683.jpg 1024w, http:\/\/www.bulle-sacree.be\/dounia\/wp-content\/uploads\/2026\/01\/DSC01218-300x200.jpg 300w, http:\/\/www.bulle-sacree.be\/dounia\/wp-content\/uploads\/2026\/01\/DSC01218-768x512.jpg 768w, http:\/\/www.bulle-sacree.be\/dounia\/wp-content\/uploads\/2026\/01\/DSC01218-1536x1024.jpg 1536w, http:\/\/www.bulle-sacree.be\/dounia\/wp-content\/uploads\/2026\/01\/DSC01218-2048x1365.jpg 2048w\" sizes=\"auto, (max-width: 640px) 100vw, 640px\" \/>\t\t\t\t\t\t\t\t\t\t\t<\/div>\n\t\t\t\t<\/div>\n\t\t\t\t<\/div>\n\t\t\t\t\t\t<\/div>\n\t\t\t\t\t<\/div>\n\t\t<\/div>\n\t\t\t\t<div class=\"elementor-column elementor-col-20 elementor-top-column elementor-element elementor-element-0ca6678\" data-id=\"0ca6678\" data-element_type=\"column\">\n\t\t\t<div class=\"elementor-column-wrap elementor-element-populated\">\n\t\t\t\t\t\t\t<div class=\"elementor-widget-wrap\">\n\t\t\t\t\t\t<div class=\"elementor-element elementor-element-399a9d3 elementor-widget elementor-widget-image\" data-id=\"399a9d3\" data-element_type=\"widget\" data-widget_type=\"image.default\">\n\t\t\t\t<div class=\"elementor-widget-container\">\n\t\t\t\t\t<div class=\"elementor-image\">\n\t\t\t\t\t\t\t\t\t\t<img loading=\"lazy\" decoding=\"async\" width=\"640\" height=\"360\" src=\"http:\/\/www.bulle-sacree.be\/dounia\/wp-content\/uploads\/2026\/01\/DSC01307-1024x576.jpg\" class=\"attachment-large size-large\" alt=\"\" srcset=\"http:\/\/www.bulle-sacree.be\/dounia\/wp-content\/uploads\/2026\/01\/DSC01307-1024x576.jpg 1024w, http:\/\/www.bulle-sacree.be\/dounia\/wp-content\/uploads\/2026\/01\/DSC01307-300x169.jpg 300w, http:\/\/www.bulle-sacree.be\/dounia\/wp-content\/uploads\/2026\/01\/DSC01307-768x432.jpg 768w, http:\/\/www.bulle-sacree.be\/dounia\/wp-content\/uploads\/2026\/01\/DSC01307-1536x864.jpg 1536w, http:\/\/www.bulle-sacree.be\/dounia\/wp-content\/uploads\/2026\/01\/DSC01307-2048x1152.jpg 2048w\" sizes=\"auto, (max-width: 640px) 100vw, 640px\" \/>\t\t\t\t\t\t\t\t\t\t\t<\/div>\n\t\t\t\t<\/div>\n\t\t\t\t<\/div>\n\t\t\t\t\t\t<\/div>\n\t\t\t\t\t<\/div>\n\t\t<\/div>\n\t\t\t\t<div class=\"elementor-column elementor-col-20 elementor-top-column elementor-element elementor-element-cb49202\" data-id=\"cb49202\" data-element_type=\"column\">\n\t\t\t<div class=\"elementor-column-wrap elementor-element-populated\">\n\t\t\t\t\t\t\t<div class=\"elementor-widget-wrap\">\n\t\t\t\t\t\t<div class=\"elementor-element elementor-element-867f2ed elementor-widget elementor-widget-image\" data-id=\"867f2ed\" data-element_type=\"widget\" data-widget_type=\"image.default\">\n\t\t\t\t<div class=\"elementor-widget-container\">\n\t\t\t\t\t<div class=\"elementor-image\">\n\t\t\t\t\t\t\t\t\t\t<img loading=\"lazy\" decoding=\"async\" width=\"640\" height=\"360\" src=\"http:\/\/www.bulle-sacree.be\/dounia\/wp-content\/uploads\/2026\/01\/DSC01291-1024x576.jpg\" class=\"attachment-large size-large\" alt=\"\" srcset=\"http:\/\/www.bulle-sacree.be\/dounia\/wp-content\/uploads\/2026\/01\/DSC01291-1024x576.jpg 1024w, http:\/\/www.bulle-sacree.be\/dounia\/wp-content\/uploads\/2026\/01\/DSC01291-300x169.jpg 300w, http:\/\/www.bulle-sacree.be\/dounia\/wp-content\/uploads\/2026\/01\/DSC01291-768x432.jpg 768w, http:\/\/www.bulle-sacree.be\/dounia\/wp-content\/uploads\/2026\/01\/DSC01291-1536x864.jpg 1536w, http:\/\/www.bulle-sacree.be\/dounia\/wp-content\/uploads\/2026\/01\/DSC01291-2048x1152.jpg 2048w\" sizes=\"auto, (max-width: 640px) 100vw, 640px\" \/>\t\t\t\t\t\t\t\t\t\t\t<\/div>\n\t\t\t\t<\/div>\n\t\t\t\t<\/div>\n\t\t\t\t\t\t<\/div>\n\t\t\t\t\t<\/div>\n\t\t<\/div>\n\t\t\t\t\t\t\t\t<\/div>\n\t\t\t\t\t<\/div>\n\t\t<\/section>\n\t\t\t\t\t\t<\/div>\n\t\t\t\t\t\t<\/div>\n\t\t\t\t\t<\/div>\n\t\t","protected":false},"excerpt":{"rendered":"<p>Le rituel soin rebozo est un soin entourant, maternant et fort que tu t\u2019offres lorsque tu vis une p\u00e9riode de transformation dans ta vie, que tu veux fermer et passer une \u00e9tape importante sur ton chemin (deuil, divorce, m\u00e9nopause, mariage, anniversaire, naissance, etc.). C\u2019est un soin par la chaleur, donn\u00e9 traditionnellement par deux femmes. Ce [&hellip;]<\/p>\n","protected":false},"author":2,"featured_media":0,"parent":93,"menu_order":0,"comment_status":"closed","ping_status":"closed","template":"","meta":{"footnotes":""},"class_list":["post-972","page","type-page","status-publish","hentry"],"_links":{"self":[{"href":"http:\/\/www.bulle-sacree.be\/dounia\/index.php\/wp-json\/wp\/v2\/pages\/972","targetHints":{"allow":["GET"]}}],"collection":[{"href":"http:\/\/www.bulle-sacree.be\/dounia\/index.php\/wp-json\/wp\/v2\/pages"}],"about":[{"href":"http:\/\/www.bulle-sacree.be\/dounia\/index.php\/wp-json\/wp\/v2\/types\/page"}],"author":[{"embeddable":true,"href":"http:\/\/www.bulle-sacree.be\/dounia\/index.php\/wp-json\/wp\/v2\/users\/2"}],"replies":[{"embeddable":true,"href":"http:\/\/www.bulle-sacree.be\/dounia\/index.php\/wp-json\/wp\/v2\/comments?post=972"}],"version-history":[{"count":35,"href":"http:\/\/www.bulle-sacree.be\/dounia\/index.php\/wp-json\/wp\/v2\/pages\/972\/revisions"}],"predecessor-version":[{"id":1661,"href":"http:\/\/www.bulle-sacree.be\/dounia\/index.php\/wp-json\/wp\/v2\/pages\/972\/revisions\/1661"}],"up":[{"embeddable":true,"href":"http:\/\/www.bulle-sacree.be\/dounia\/index.php\/wp-json\/wp\/v2\/pages\/93"}],"wp:attachment":[{"href":"http:\/\/www.bulle-sacree.be\/dounia\/index.php\/wp-json\/wp\/v2\/media?parent=972"}],"curies":[{"name":"wp","href":"https:\/\/api.w.org\/{rel}","templated":true}]}}