{"id":910,"date":"2021-02-24T14:28:48","date_gmt":"2021-02-24T13:28:48","guid":{"rendered":"http:\/\/www.bulle-sacree.be\/dounia\/?page_id=910"},"modified":"2021-03-18T22:53:13","modified_gmt":"2021-03-18T21:53:13","slug":"cercles-de-paranges","status":"publish","type":"page","link":"http:\/\/www.bulle-sacree.be\/dounia\/index.php\/accompagnement-des-femmes\/cercles-de-paranges\/","title":{"rendered":"Cercles de par&rsquo;anges"},"content":{"rendered":"\t\t<div data-elementor-type=\"wp-page\" data-elementor-id=\"910\" class=\"elementor elementor-910\" data-elementor-settings=\"[]\">\n\t\t\t\t\t\t<div class=\"elementor-inner\">\n\t\t\t\t\t\t\t<div class=\"elementor-section-wrap\">\n\t\t\t\t\t\t\t<section class=\"elementor-section elementor-top-section elementor-element elementor-element-1287170d elementor-section-content-middle elementor-section-stretched elementor-section-boxed elementor-section-height-default elementor-section-height-default\" data-id=\"1287170d\" data-element_type=\"section\" data-settings=\"{&quot;stretch_section&quot;:&quot;section-stretched&quot;,&quot;background_background&quot;:&quot;classic&quot;}\">\n\t\t\t\t\t\t<div class=\"elementor-container elementor-column-gap-wider\">\n\t\t\t\t\t\t\t<div class=\"elementor-row\">\n\t\t\t\t\t<div class=\"elementor-column elementor-col-33 elementor-top-column elementor-element elementor-element-750cc505\" data-id=\"750cc505\" data-element_type=\"column\">\n\t\t\t<div class=\"elementor-column-wrap elementor-element-populated\">\n\t\t\t\t\t\t\t<div class=\"elementor-widget-wrap\">\n\t\t\t\t\t\t<div class=\"elementor-element elementor-element-3bd879a6 animated-slow elementor-invisible elementor-widget elementor-widget-image\" data-id=\"3bd879a6\" data-element_type=\"widget\" data-settings=\"{&quot;_animation&quot;:&quot;fadeIn&quot;}\" data-widget_type=\"image.default\">\n\t\t\t\t<div class=\"elementor-widget-container\">\n\t\t\t\t\t<div class=\"elementor-image\">\n\t\t\t\t\t\t\t\t\t\t<img loading=\"lazy\" decoding=\"async\" width=\"640\" height=\"640\" src=\"http:\/\/www.bulle-sacree.be\/dounia\/wp-content\/uploads\/2021\/02\/paranges.png\" class=\"attachment-large size-large\" alt=\"\" srcset=\"http:\/\/www.bulle-sacree.be\/dounia\/wp-content\/uploads\/2021\/02\/paranges.png 800w, http:\/\/www.bulle-sacree.be\/dounia\/wp-content\/uploads\/2021\/02\/paranges-300x300.png 300w, http:\/\/www.bulle-sacree.be\/dounia\/wp-content\/uploads\/2021\/02\/paranges-150x150.png 150w, http:\/\/www.bulle-sacree.be\/dounia\/wp-content\/uploads\/2021\/02\/paranges-768x768.png 768w\" sizes=\"auto, (max-width: 640px) 100vw, 640px\" \/>\t\t\t\t\t\t\t\t\t\t\t<\/div>\n\t\t\t\t<\/div>\n\t\t\t\t<\/div>\n\t\t\t\t\t\t<\/div>\n\t\t\t\t\t<\/div>\n\t\t<\/div>\n\t\t\t\t<div class=\"elementor-column elementor-col-66 elementor-top-column elementor-element elementor-element-712d4199\" data-id=\"712d4199\" data-element_type=\"column\">\n\t\t\t<div class=\"elementor-column-wrap elementor-element-populated\">\n\t\t\t\t\t\t\t<div class=\"elementor-widget-wrap\">\n\t\t\t\t\t\t<div class=\"elementor-element elementor-element-4cbfb6e9 elementor-widget elementor-widget-text-editor\" data-id=\"4cbfb6e9\" data-element_type=\"widget\" data-widget_type=\"text-editor.default\">\n\t\t\t\t<div class=\"elementor-widget-container\">\n\t\t\t\t\t<div class=\"elementor-text-editor elementor-clearfix\"><p>J\u2019organise ces rencontres autour du deuil p\u00e9rinatal avec ma coll\u00e8gue Doula, <a href=\"https:\/\/madoo.be\/\">Marie<\/a>.<\/p>\n<p>A deux, nous avons \u00e0 c\u0153ur d\u2019offrir un espace ou chaque par&rsquo;ange (ou famille proche) pourra:<\/p>\n<ul>\n<li>&nbsp;\ud835\udc2b\ud835\udc1e\ud835\udc27\ud835\udc1c\ud835\udc28\ud835\udc27\ud835\udc2d\ud835\udc2b\ud835\udc1e\ud835\udc2b d&rsquo;autres familles ayant v\u00e9cu le d\u00e9c\u00e8s d&rsquo;un b\u00e9b\u00e9<\/li>\n<li>\ud835\udc29\ud835\udc1a\ud835\udc2b\ud835\udc2d\ud835\udc1a\ud835\udc20\ud835\udc1e\ud835\udc2b ses ressentis<\/li>\n<li>\ud835\udc2c\ud835\udc1e \ud835\udc2c\ud835\udc1e\ud835\udc27\ud835\udc2d\ud835\udc22\ud835\udc2b \u00e9\ud835\udc1c\ud835\udc28\ud835\udc2e\ud835\udc2d\u00e9 et compris<\/li>\n<\/ul>\n<p>Nous sommes l\u00e0 pour \u00eatre \u00e0 votre \u00e9coute durant deux heures afin que vous puissiez venir totalement vous d\u00e9poser et \u00eatre vous-m\u00eame, quel que soit votre chemin. Venez en couple ou seul, comme vous le d\u00e9sirez.<\/p>\n<p>Tarif:&nbsp;<br><strong>libre et en conscience<\/strong> (tu donnes ce qui te semble juste selon tes moyens et ce que ce moment t\u2019aura apport\u00e9).<\/p>\n<p>Prochaines dates <a href=\"http:\/\/www.bulle-sacree.be\/dounia\/index.php\/agenda\/\">ici<\/a>&nbsp;ou&nbsp;<a href=\"https:\/\/fb.me\/e\/4Pi46VDXh\">ici<\/a><\/p>\n<p>Inscription <a href=\"http:\/\/www.bulle-sacree.be\/dounia\/index.php\/contact\/\">ici&nbsp;<\/a><\/p><\/div>\n\t\t\t\t<\/div>\n\t\t\t\t<\/div>\n\t\t\t\t\t\t<\/div>\n\t\t\t\t\t<\/div>\n\t\t<\/div>\n\t\t\t\t\t\t\t\t<\/div>\n\t\t\t\t\t<\/div>\n\t\t<\/section>\n\t\t\t\t\t\t<\/div>\n\t\t\t\t\t\t<\/div>\n\t\t\t\t\t<\/div>\n\t\t","protected":false},"excerpt":{"rendered":"<p>J\u2019organise ces rencontres autour du deuil p\u00e9rinatal avec ma coll\u00e8gue Doula, Marie. A deux, nous avons \u00e0 c\u0153ur d\u2019offrir un espace ou chaque par&rsquo;ange (ou famille proche) pourra: &nbsp;\ud835\udc2b\ud835\udc1e\ud835\udc27\ud835\udc1c\ud835\udc28\ud835\udc27\ud835\udc2d\ud835\udc2b\ud835\udc1e\ud835\udc2b d&rsquo;autres familles ayant v\u00e9cu le d\u00e9c\u00e8s d&rsquo;un b\u00e9b\u00e9 \ud835\udc29\ud835\udc1a\ud835\udc2b\ud835\udc2d\ud835\udc1a\ud835\udc20\ud835\udc1e\ud835\udc2b ses ressentis \ud835\udc2c\ud835\udc1e \ud835\udc2c\ud835\udc1e\ud835\udc27\ud835\udc2d\ud835\udc22\ud835\udc2b \u00e9\ud835\udc1c\ud835\udc28\ud835\udc2e\ud835\udc2d\u00e9 et compris Nous sommes l\u00e0 pour \u00eatre \u00e0 votre \u00e9coute durant deux [&hellip;]<\/p>\n","protected":false},"author":2,"featured_media":0,"parent":299,"menu_order":0,"comment_status":"closed","ping_status":"closed","template":"","meta":{"footnotes":""},"class_list":["post-910","page","type-page","status-publish","hentry"],"_links":{"self":[{"href":"http:\/\/www.bulle-sacree.be\/dounia\/index.php\/wp-json\/wp\/v2\/pages\/910","targetHints":{"allow":["GET"]}}],"collection":[{"href":"http:\/\/www.bulle-sacree.be\/dounia\/index.php\/wp-json\/wp\/v2\/pages"}],"about":[{"href":"http:\/\/www.bulle-sacree.be\/dounia\/index.php\/wp-json\/wp\/v2\/types\/page"}],"author":[{"embeddable":true,"href":"http:\/\/www.bulle-sacree.be\/dounia\/index.php\/wp-json\/wp\/v2\/users\/2"}],"replies":[{"embeddable":true,"href":"http:\/\/www.bulle-sacree.be\/dounia\/index.php\/wp-json\/wp\/v2\/comments?post=910"}],"version-history":[{"count":22,"href":"http:\/\/www.bulle-sacree.be\/dounia\/index.php\/wp-json\/wp\/v2\/pages\/910\/revisions"}],"predecessor-version":[{"id":1179,"href":"http:\/\/www.bulle-sacree.be\/dounia\/index.php\/wp-json\/wp\/v2\/pages\/910\/revisions\/1179"}],"up":[{"embeddable":true,"href":"http:\/\/www.bulle-sacree.be\/dounia\/index.php\/wp-json\/wp\/v2\/pages\/299"}],"wp:attachment":[{"href":"http:\/\/www.bulle-sacree.be\/dounia\/index.php\/wp-json\/wp\/v2\/media?parent=910"}],"curies":[{"name":"wp","href":"https:\/\/api.w.org\/{rel}","templated":true}]}}