{"id":84,"date":"2019-11-16T22:51:19","date_gmt":"2019-11-16T21:51:19","guid":{"rendered":"http:\/\/www.bulle-sacree.be\/dounia\/?page_id=84"},"modified":"2024-04-24T14:24:34","modified_gmt":"2024-04-24T12:24:34","slug":"deuil","status":"publish","type":"page","link":"http:\/\/www.bulle-sacree.be\/dounia\/index.php\/deuil\/","title":{"rendered":"Deuil p\u00e9rinatal"},"content":{"rendered":"\t\t<div data-elementor-type=\"wp-page\" data-elementor-id=\"84\" class=\"elementor elementor-84\" data-elementor-settings=\"[]\">\n\t\t\t\t\t\t<div class=\"elementor-inner\">\n\t\t\t\t\t\t\t<div class=\"elementor-section-wrap\">\n\t\t\t\t\t\t\t<section class=\"elementor-section elementor-top-section elementor-element elementor-element-1ab6c34 elementor-section-boxed elementor-section-height-default elementor-section-height-default\" data-id=\"1ab6c34\" data-element_type=\"section\">\n\t\t\t\t\t\t<div class=\"elementor-container elementor-column-gap-default\">\n\t\t\t\t\t\t\t<div class=\"elementor-row\">\n\t\t\t\t\t<div class=\"elementor-column elementor-col-66 elementor-top-column elementor-element elementor-element-be3dc58\" data-id=\"be3dc58\" data-element_type=\"column\">\n\t\t\t<div class=\"elementor-column-wrap elementor-element-populated\">\n\t\t\t\t\t\t\t<div class=\"elementor-widget-wrap\">\n\t\t\t\t\t\t<div class=\"elementor-element elementor-element-8e95ae4 elementor-widget elementor-widget-text-editor\" data-id=\"8e95ae4\" data-element_type=\"widget\" data-widget_type=\"text-editor.default\">\n\t\t\t\t<div class=\"elementor-widget-container\">\n\t\t\t\t\t<div class=\"elementor-text-editor elementor-clearfix\"><p><!-- wp:image {\"id\":252,\"width\":618,\"height\":412,\"sizeSlug\":\"large\"} --><\/p>\n<p>Le moment que je te propose, toi qui vit le deuil, je le con\u00e7ois comme un rituel, tr\u00e8s entourant; un accompagnement en soi.<\/p>\n<p>Que ton chemin concerne une fausse couche, une IVG, IMG ou la mort de ton b\u00e9b\u00e9, ton \u00e9motion et ton v\u00e9cu seront \u00e9cout\u00e9s.<\/p>\n<p>Le moment d\u00e9butera par un \u00e9change sur ton ressenti, <strong>une \u00e9coute de ton histoire <\/strong>et celle de ce petit \u00eatre que tu as port\u00e9 et connu.<br \/><br \/>Ensuite, je prendrai soin de toi par un <strong>massage complet du corps.<br \/><\/strong>Une fermeture \u00e9nerg\u00e9tique et physique de ce qui s&rsquo;est pass\u00e9 dans ton corps et une ouverture de ton coeur pour continuer ta route sereinement.<br \/><br \/>Avant de se quitter, je te propose de <strong>serrer ton bassin<\/strong> avec le tissus rebozo afin de cl\u00f4turer le moment que tu te seras offert.<\/p>\n<p>Le mot d&rsquo;ordre sera de <strong>prendre notre temps.<\/strong><\/p>\n<p><!-- \/wp:paragraph --><\/p><\/div>\n\t\t\t\t<\/div>\n\t\t\t\t<\/div>\n\t\t\t\t\t\t<\/div>\n\t\t\t\t\t<\/div>\n\t\t<\/div>\n\t\t\t\t<div class=\"elementor-column elementor-col-33 elementor-top-column elementor-element elementor-element-ff8261a\" data-id=\"ff8261a\" data-element_type=\"column\">\n\t\t\t<div class=\"elementor-column-wrap elementor-element-populated\">\n\t\t\t\t\t\t\t<div class=\"elementor-widget-wrap\">\n\t\t\t\t\t\t<div class=\"elementor-element elementor-element-7cfb83a elementor-widget elementor-widget-image\" data-id=\"7cfb83a\" data-element_type=\"widget\" data-widget_type=\"image.default\">\n\t\t\t\t<div class=\"elementor-widget-container\">\n\t\t\t\t\t<div class=\"elementor-image\">\n\t\t\t\t\t\t\t\t\t\t<img loading=\"lazy\" decoding=\"async\" width=\"640\" height=\"640\" src=\"http:\/\/www.bulle-sacree.be\/dounia\/wp-content\/uploads\/2021\/01\/deuil-.png\" class=\"attachment-large size-large\" alt=\"\" srcset=\"http:\/\/www.bulle-sacree.be\/dounia\/wp-content\/uploads\/2021\/01\/deuil-.png 800w, http:\/\/www.bulle-sacree.be\/dounia\/wp-content\/uploads\/2021\/01\/deuil--300x300.png 300w, http:\/\/www.bulle-sacree.be\/dounia\/wp-content\/uploads\/2021\/01\/deuil--150x150.png 150w, http:\/\/www.bulle-sacree.be\/dounia\/wp-content\/uploads\/2021\/01\/deuil--768x768.png 768w\" sizes=\"auto, (max-width: 640px) 100vw, 640px\" \/>\t\t\t\t\t\t\t\t\t\t\t<\/div>\n\t\t\t\t<\/div>\n\t\t\t\t<\/div>\n\t\t\t\t\t\t<\/div>\n\t\t\t\t\t<\/div>\n\t\t<\/div>\n\t\t\t\t\t\t\t\t<\/div>\n\t\t\t\t\t<\/div>\n\t\t<\/section>\n\t\t\t\t<section class=\"elementor-section elementor-top-section elementor-element elementor-element-a6c232d elementor-section-boxed elementor-section-height-default elementor-section-height-default\" data-id=\"a6c232d\" data-element_type=\"section\">\n\t\t\t\t\t\t<div class=\"elementor-container elementor-column-gap-default\">\n\t\t\t\t\t\t\t<div class=\"elementor-row\">\n\t\t\t\t\t<div class=\"elementor-column elementor-col-100 elementor-top-column elementor-element elementor-element-c451ea3\" data-id=\"c451ea3\" data-element_type=\"column\">\n\t\t\t<div class=\"elementor-column-wrap elementor-element-populated\">\n\t\t\t\t\t\t\t<div class=\"elementor-widget-wrap\">\n\t\t\t\t\t\t<div class=\"elementor-element elementor-element-a967e59 elementor-widget elementor-widget-text-editor\" data-id=\"a967e59\" data-element_type=\"widget\" data-widget_type=\"text-editor.default\">\n\t\t\t\t<div class=\"elementor-widget-container\">\n\t\t\t\t\t<div class=\"elementor-text-editor elementor-clearfix\"><p><strong>J&rsquo;organise \u00e9galement des cercles de parole autour du deuil de ton b\u00e9b\u00e9, regarde <a href=\"http:\/\/www.bulle-sacree.be\/dounia\/index.php\/accompagnement-des-femmes\/cercles-de-paranges\/\">ici<\/a><\/strong><\/p><\/div>\n\t\t\t\t<\/div>\n\t\t\t\t<\/div>\n\t\t\t\t\t\t<\/div>\n\t\t\t\t\t<\/div>\n\t\t<\/div>\n\t\t\t\t\t\t\t\t<\/div>\n\t\t\t\t\t<\/div>\n\t\t<\/section>\n\t\t\t\t<section class=\"elementor-section elementor-top-section elementor-element elementor-element-e83303b elementor-section-boxed elementor-section-height-default elementor-section-height-default\" data-id=\"e83303b\" data-element_type=\"section\">\n\t\t\t\t\t\t<div class=\"elementor-container elementor-column-gap-default\">\n\t\t\t\t\t\t\t<div class=\"elementor-row\">\n\t\t\t\t\t<div class=\"elementor-column elementor-col-100 elementor-top-column elementor-element elementor-element-826f5ac\" data-id=\"826f5ac\" data-element_type=\"column\">\n\t\t\t<div class=\"elementor-column-wrap elementor-element-populated\">\n\t\t\t\t\t\t\t<div class=\"elementor-widget-wrap\">\n\t\t\t\t\t\t<div class=\"elementor-element elementor-element-e544871 elementor-widget elementor-widget-text-editor\" data-id=\"e544871\" data-element_type=\"widget\" data-widget_type=\"text-editor.default\">\n\t\t\t\t<div class=\"elementor-widget-container\">\n\t\t\t\t\t<div class=\"elementor-text-editor elementor-clearfix\"><p>Dur\u00e9e: 2h30\u00a0 &#8211; Temps d&rsquo;accueil et de partage inclus<br \/>Tarif: 90\u20ac<\/p><\/div>\n\t\t\t\t<\/div>\n\t\t\t\t<\/div>\n\t\t\t\t\t\t<\/div>\n\t\t\t\t\t<\/div>\n\t\t<\/div>\n\t\t\t\t\t\t\t\t<\/div>\n\t\t\t\t\t<\/div>\n\t\t<\/section>\n\t\t\t\t\t\t<\/div>\n\t\t\t\t\t\t<\/div>\n\t\t\t\t\t<\/div>\n\t\t","protected":false},"excerpt":{"rendered":"<p>J&rsquo;organise \u00e9galement des cercles de parole autour du deuil de ton b\u00e9b\u00e9, regarde ici Dur\u00e9e: 2h30\u00a0 &#8211; Temps d&rsquo;accueil et de partage inclusTarif: 90\u20ac<\/p>\n","protected":false},"author":1,"featured_media":0,"parent":0,"menu_order":0,"comment_status":"closed","ping_status":"closed","template":"","meta":{"footnotes":""},"class_list":["post-84","page","type-page","status-publish","hentry"],"_links":{"self":[{"href":"http:\/\/www.bulle-sacree.be\/dounia\/index.php\/wp-json\/wp\/v2\/pages\/84","targetHints":{"allow":["GET"]}}],"collection":[{"href":"http:\/\/www.bulle-sacree.be\/dounia\/index.php\/wp-json\/wp\/v2\/pages"}],"about":[{"href":"http:\/\/www.bulle-sacree.be\/dounia\/index.php\/wp-json\/wp\/v2\/types\/page"}],"author":[{"embeddable":true,"href":"http:\/\/www.bulle-sacree.be\/dounia\/index.php\/wp-json\/wp\/v2\/users\/1"}],"replies":[{"embeddable":true,"href":"http:\/\/www.bulle-sacree.be\/dounia\/index.php\/wp-json\/wp\/v2\/comments?post=84"}],"version-history":[{"count":34,"href":"http:\/\/www.bulle-sacree.be\/dounia\/index.php\/wp-json\/wp\/v2\/pages\/84\/revisions"}],"predecessor-version":[{"id":1590,"href":"http:\/\/www.bulle-sacree.be\/dounia\/index.php\/wp-json\/wp\/v2\/pages\/84\/revisions\/1590"}],"wp:attachment":[{"href":"http:\/\/www.bulle-sacree.be\/dounia\/index.php\/wp-json\/wp\/v2\/media?parent=84"}],"curies":[{"name":"wp","href":"https:\/\/api.w.org\/{rel}","templated":true}]}}