{"id":7,"date":"2019-10-30T22:13:37","date_gmt":"2019-10-30T21:13:37","guid":{"rendered":"http:\/\/www.bulle-sacree.be\/dounia\/?page_id=7"},"modified":"2026-01-27T15:32:21","modified_gmt":"2026-01-27T14:32:21","slug":"qui-suis-je","status":"publish","type":"page","link":"http:\/\/www.bulle-sacree.be\/dounia\/index.php\/qui-suis-je\/","title":{"rendered":"Qui suis-je?"},"content":{"rendered":"\t\t<div data-elementor-type=\"wp-page\" data-elementor-id=\"7\" class=\"elementor elementor-7\" data-elementor-settings=\"[]\">\n\t\t\t\t\t\t<div class=\"elementor-inner\">\n\t\t\t\t\t\t\t<div class=\"elementor-section-wrap\">\n\t\t\t\t\t\t\t<section class=\"elementor-section elementor-top-section elementor-element elementor-element-2574499b elementor-section-boxed elementor-section-height-default elementor-section-height-default\" data-id=\"2574499b\" data-element_type=\"section\">\n\t\t\t\t\t\t<div class=\"elementor-container elementor-column-gap-default\">\n\t\t\t\t\t\t\t<div class=\"elementor-row\">\n\t\t\t\t\t<div class=\"elementor-column elementor-col-100 elementor-top-column elementor-element elementor-element-25b342d3\" data-id=\"25b342d3\" data-element_type=\"column\">\n\t\t\t<div class=\"elementor-column-wrap elementor-element-populated\">\n\t\t\t\t\t\t\t<div class=\"elementor-widget-wrap\">\n\t\t\t\t\t\t<div class=\"elementor-element elementor-element-7813c055 elementor-widget elementor-widget-text-editor\" data-id=\"7813c055\" data-element_type=\"widget\" data-widget_type=\"text-editor.default\">\n\t\t\t\t<div class=\"elementor-widget-container\">\n\t\t\t\t\t<div class=\"elementor-text-editor elementor-clearfix\"><!-- wp:image {\"id\":1619,\"width\":\"276px\",\"height\":\"415px\",\"sizeSlug\":\"large\",\"linkDestination\":\"none\"} -->\n<figure class=\"wp-block-image size-large is-resized\"><img loading=\"lazy\" decoding=\"async\" class=\"alignnone size-medium wp-image-1672\" src=\"http:\/\/www.bulle-sacree.be\/dounia\/wp-content\/uploads\/2026\/01\/DSC01526-300x169.jpg\" alt=\"\" width=\"300\" height=\"169\" srcset=\"http:\/\/www.bulle-sacree.be\/dounia\/wp-content\/uploads\/2026\/01\/DSC01526-300x169.jpg 300w, http:\/\/www.bulle-sacree.be\/dounia\/wp-content\/uploads\/2026\/01\/DSC01526-1024x576.jpg 1024w, http:\/\/www.bulle-sacree.be\/dounia\/wp-content\/uploads\/2026\/01\/DSC01526-768x432.jpg 768w, http:\/\/www.bulle-sacree.be\/dounia\/wp-content\/uploads\/2026\/01\/DSC01526-1536x864.jpg 1536w, http:\/\/www.bulle-sacree.be\/dounia\/wp-content\/uploads\/2026\/01\/DSC01526-2048x1152.jpg 2048w\" sizes=\"auto, (max-width: 300px) 100vw, 300px\" \/><\/figure>\n<!-- \/wp:image --><!-- wp:paragraph -->\n<p>Je suis Dounia<br \/>Aussi loin que je me souvienne je suis quelqu&rsquo;un qui aime accompagner les autres, les guider, leur transmettre.<br \/>Une de mes grandes qualit\u00e9s est d&rsquo;\u00eatre pr\u00e9sente pour les personnes autour de moi.<\/p>\n<!-- \/wp:paragraph --><!-- wp:paragraph -->\n<p>Il \u00e9tait assez naturel et fluide de faire de l\u2019accompagnement un m\u00e9tier.<br \/>Accompagnement par le toucher,<br \/>Accompagnement \u00e9motionnel,<br \/>Pr\u00e9sence, \u00e9coute,<br \/>Puis <strong>accompagnement th\u00e9rapeutique.<\/strong><\/p>\n<!-- \/wp:paragraph --><!-- wp:paragraph -->\n<p>J&rsquo;ai fait du massage un alli\u00e9 dans ma pratique.<br \/>Une pr\u00e9sence \u00e0 part, par le toucher, le silence de la parole, la musique et la douceur des huiles essentielles.<br \/><br \/>Sp\u00e9cialis\u00e9e dans le massage <strong>autour du projet d\u2019enfant<\/strong> (de la pr\u00e9conception au postpartum, passant par le deuil p\u00e9rinatal), je masse \u00e9galement <strong>toute personne d\u00e9sirant s\u2019offrir le cadeau d&rsquo;un moment avec elle-m\u00eame<\/strong> \ud83d\udc95<\/p>\n<!-- \/wp:paragraph --><!-- wp:paragraph -->\n<p>Tr\u00e8s appell\u00e9e par les rituels ancestraux, je me suis form\u00e9e au <strong>rituel soin rebozo<\/strong> qui accompagne d&rsquo;abord les femmes en postpartum.<br \/>Qui est \u00e9galement puissant pour toute personne (homme ou femme) en chemin qui vit une p\u00e9riode de changement et souhaite se d\u00e9poser autour de l\u2019intention qui est la sienne \u00e0 ce moment de sa vie.<\/p>\n<!-- \/wp:paragraph --><!-- wp:paragraph -->\n<p>Toujours dans cette \u00e9nergie de reliance avec les rituels anciens, j&rsquo;ai \u00e9t\u00e9 appell\u00e9e par les cercles de femmes; moment hors du temps o\u00f9 nous pouvons toucher \u00e0 la sororit\u00e9, la simplicit\u00e9, l\u2019ancrage, le partage.<\/p>\n<!-- \/wp:paragraph --><!-- wp:paragraph -->\n<p>Actuellement, je me forme \u00e0 avancer gr\u00e2ce aux constellations familiales qui sont un outil suppl\u00e9mentaire sur mon chemin et vous accompagnera \u00e0 en faire de m\u00eame \u2728\ufe0f<\/p>\n<!-- \/wp:paragraph --><!-- wp:paragraph -->\n<p>Les outils magiques qui m\u2019accompagnent sont le tambour, l\u2019\u00e9nergie de la rose, le cacao sacr\u00e9, les cartes oracle, le tissus rebozo, la pr\u00e9sence, l\u2019\u00e9coute, l&rsquo;amour.<\/p>\n<!-- \/wp:paragraph --><!-- wp:paragraph -->\n<p>Le tout forme un accompagnement personnalis\u00e9 et \u00e0 l\u2019\u00e9coute de vos besoins du moment.<\/p>\n<!-- \/wp:paragraph --><!-- wp:paragraph -->\n<p>Au plaisir de prendre soin de vous \ud83c\udf38<\/p>\n<!-- \/wp:paragraph --><!-- wp:paragraph -->\n<p>Dounia<\/p>\n<!-- \/wp:paragraph --><\/div>\n\t\t\t\t<\/div>\n\t\t\t\t<\/div>\n\t\t\t\t\t\t<\/div>\n\t\t\t\t\t<\/div>\n\t\t<\/div>\n\t\t\t\t\t\t\t\t<\/div>\n\t\t\t\t\t<\/div>\n\t\t<\/section>\n\t\t\t\t\t\t<\/div>\n\t\t\t\t\t\t<\/div>\n\t\t\t\t\t<\/div>\n\t\t","protected":false},"excerpt":{"rendered":"<p>Je suis DouniaAussi loin que je me souvienne je suis quelqu&rsquo;un qui aime accompagner les autres, les guider, leur transmettre.Une de mes grandes qualit\u00e9s est d&rsquo;\u00eatre pr\u00e9sente pour les personnes autour de moi. Il \u00e9tait assez naturel et fluide de faire de l\u2019accompagnement un m\u00e9tier.Accompagnement par le toucher,Accompagnement \u00e9motionnel,Pr\u00e9sence, \u00e9coute,Puis accompagnement th\u00e9rapeutique. J&rsquo;ai fait du [&hellip;]<\/p>\n","protected":false},"author":1,"featured_media":0,"parent":0,"menu_order":0,"comment_status":"closed","ping_status":"closed","template":"","meta":{"footnotes":""},"class_list":["post-7","page","type-page","status-publish","hentry"],"_links":{"self":[{"href":"http:\/\/www.bulle-sacree.be\/dounia\/index.php\/wp-json\/wp\/v2\/pages\/7","targetHints":{"allow":["GET"]}}],"collection":[{"href":"http:\/\/www.bulle-sacree.be\/dounia\/index.php\/wp-json\/wp\/v2\/pages"}],"about":[{"href":"http:\/\/www.bulle-sacree.be\/dounia\/index.php\/wp-json\/wp\/v2\/types\/page"}],"author":[{"embeddable":true,"href":"http:\/\/www.bulle-sacree.be\/dounia\/index.php\/wp-json\/wp\/v2\/users\/1"}],"replies":[{"embeddable":true,"href":"http:\/\/www.bulle-sacree.be\/dounia\/index.php\/wp-json\/wp\/v2\/comments?post=7"}],"version-history":[{"count":24,"href":"http:\/\/www.bulle-sacree.be\/dounia\/index.php\/wp-json\/wp\/v2\/pages\/7\/revisions"}],"predecessor-version":[{"id":1683,"href":"http:\/\/www.bulle-sacree.be\/dounia\/index.php\/wp-json\/wp\/v2\/pages\/7\/revisions\/1683"}],"wp:attachment":[{"href":"http:\/\/www.bulle-sacree.be\/dounia\/index.php\/wp-json\/wp\/v2\/media?parent=7"}],"curies":[{"name":"wp","href":"https:\/\/api.w.org\/{rel}","templated":true}]}}