{"id":40,"date":"2019-11-15T11:16:51","date_gmt":"2019-11-15T10:16:51","guid":{"rendered":"http:\/\/www.bulle-sacree.be\/dounia\/?page_id=40"},"modified":"2024-05-01T16:57:52","modified_gmt":"2024-05-01T14:57:52","slug":"tentes-rouges","status":"publish","type":"page","link":"http:\/\/www.bulle-sacree.be\/dounia\/index.php\/tentes-rouges\/","title":{"rendered":"Cercle de Femmes"},"content":{"rendered":"\t\t<div data-elementor-type=\"wp-page\" data-elementor-id=\"40\" class=\"elementor elementor-40\" data-elementor-settings=\"[]\">\n\t\t\t\t\t\t<div class=\"elementor-inner\">\n\t\t\t\t\t\t\t<div class=\"elementor-section-wrap\">\n\t\t\t\t\t\t\t<section class=\"elementor-section elementor-top-section elementor-element elementor-element-1c6d04f elementor-section-boxed elementor-section-height-default elementor-section-height-default\" data-id=\"1c6d04f\" data-element_type=\"section\">\n\t\t\t\t\t\t<div class=\"elementor-container elementor-column-gap-default\">\n\t\t\t\t\t\t\t<div class=\"elementor-row\">\n\t\t\t\t\t<div class=\"elementor-column elementor-col-100 elementor-top-column elementor-element elementor-element-9571cd6\" data-id=\"9571cd6\" data-element_type=\"column\">\n\t\t\t<div class=\"elementor-column-wrap\">\n\t\t\t\t\t\t\t<div class=\"elementor-widget-wrap\">\n\t\t\t\t\t\t\t\t<\/div>\n\t\t\t\t\t<\/div>\n\t\t<\/div>\n\t\t\t\t\t\t\t\t<\/div>\n\t\t\t\t\t<\/div>\n\t\t<\/section>\n\t\t\t\t<section class=\"elementor-section elementor-top-section elementor-element elementor-element-43b97621 elementor-section-content-middle elementor-section-stretched elementor-section-boxed elementor-section-height-default elementor-section-height-default\" data-id=\"43b97621\" data-element_type=\"section\" data-settings=\"{&quot;stretch_section&quot;:&quot;section-stretched&quot;,&quot;background_background&quot;:&quot;classic&quot;}\">\n\t\t\t\t\t\t<div class=\"elementor-container elementor-column-gap-wider\">\n\t\t\t\t\t\t\t<div class=\"elementor-row\">\n\t\t\t\t\t<div class=\"elementor-column elementor-col-33 elementor-top-column elementor-element elementor-element-56ebdc5c\" data-id=\"56ebdc5c\" data-element_type=\"column\">\n\t\t\t<div class=\"elementor-column-wrap elementor-element-populated\">\n\t\t\t\t\t\t\t<div class=\"elementor-widget-wrap\">\n\t\t\t\t\t\t<div class=\"elementor-element elementor-element-24d7d537 animated-slow elementor-invisible elementor-widget elementor-widget-image\" data-id=\"24d7d537\" data-element_type=\"widget\" data-settings=\"{&quot;_animation&quot;:&quot;fadeIn&quot;}\" data-widget_type=\"image.default\">\n\t\t\t\t<div class=\"elementor-widget-container\">\n\t\t\t\t\t<div class=\"elementor-image\">\n\t\t\t\t\t\t\t\t\t\t<img loading=\"lazy\" decoding=\"async\" width=\"640\" height=\"640\" src=\"http:\/\/www.bulle-sacree.be\/dounia\/wp-content\/uploads\/2021\/02\/tentes.png\" class=\"attachment-large size-large\" alt=\"\" srcset=\"http:\/\/www.bulle-sacree.be\/dounia\/wp-content\/uploads\/2021\/02\/tentes.png 800w, http:\/\/www.bulle-sacree.be\/dounia\/wp-content\/uploads\/2021\/02\/tentes-300x300.png 300w, http:\/\/www.bulle-sacree.be\/dounia\/wp-content\/uploads\/2021\/02\/tentes-150x150.png 150w, http:\/\/www.bulle-sacree.be\/dounia\/wp-content\/uploads\/2021\/02\/tentes-768x768.png 768w\" sizes=\"auto, (max-width: 640px) 100vw, 640px\" \/>\t\t\t\t\t\t\t\t\t\t\t<\/div>\n\t\t\t\t<\/div>\n\t\t\t\t<\/div>\n\t\t\t\t\t\t<\/div>\n\t\t\t\t\t<\/div>\n\t\t<\/div>\n\t\t\t\t<div class=\"elementor-column elementor-col-66 elementor-top-column elementor-element elementor-element-ed8ccde\" data-id=\"ed8ccde\" data-element_type=\"column\" data-settings=\"{&quot;background_background&quot;:&quot;classic&quot;}\">\n\t\t\t<div class=\"elementor-column-wrap elementor-element-populated\">\n\t\t\t\t\t\t\t<div class=\"elementor-widget-wrap\">\n\t\t\t\t\t\t<div class=\"elementor-element elementor-element-4896d00b elementor-widget elementor-widget-text-editor\" data-id=\"4896d00b\" data-element_type=\"widget\" data-widget_type=\"text-editor.default\">\n\t\t\t\t<div class=\"elementor-widget-container\">\n\t\t\t\t\t<div class=\"elementor-text-editor elementor-clearfix\"><p><b>Le Cercle est un lieu<\/b> o\u00f9 chaque femme peut venir <b>se d\u00e9poser<\/b> un instant et <b>se ressourcer<\/b> loin du quotidien.<\/p><p>Un lieu o\u00f9 tu pourras raconter ton histoire dans un <b>espace intime et s\u00e9curitaire.<\/b><\/p><p><b>Un moment<\/b> hors du temps et de la vie habituelle, <b>un moment pour ETRE<\/b>, pour profiter de l\u2019instant pr\u00e9sent.<\/p><p>En pratique, je t\u2019accueille durant deux heures, je guide la rencontre ponctu\u00e9e de retours \u00e0 soi et de moments de <b>parole libre, entre femmes.<\/b><\/p><p>Je suis la Gardienne de cet espace sacr\u00e9, dans la bienveillance et le respect de ce que chacune aura \u00e0 y d\u00e9poser.<\/p><\/div>\n\t\t\t\t<\/div>\n\t\t\t\t<\/div>\n\t\t\t\t\t\t<\/div>\n\t\t\t\t\t<\/div>\n\t\t<\/div>\n\t\t\t\t\t\t\t\t<\/div>\n\t\t\t\t\t<\/div>\n\t\t<\/section>\n\t\t\t\t<section class=\"elementor-section elementor-top-section elementor-element elementor-element-579e722 elementor-section-boxed elementor-section-height-default elementor-section-height-default\" data-id=\"579e722\" data-element_type=\"section\">\n\t\t\t\t\t\t<div class=\"elementor-container elementor-column-gap-default\">\n\t\t\t\t\t\t\t<div class=\"elementor-row\">\n\t\t\t\t\t<div class=\"elementor-column elementor-col-100 elementor-top-column elementor-element elementor-element-f955b73\" data-id=\"f955b73\" data-element_type=\"column\">\n\t\t\t<div class=\"elementor-column-wrap elementor-element-populated\">\n\t\t\t\t\t\t\t<div class=\"elementor-widget-wrap\">\n\t\t\t\t\t\t<div class=\"elementor-element elementor-element-8cfc400 elementor-widget elementor-widget-text-editor\" data-id=\"8cfc400\" data-element_type=\"widget\" data-widget_type=\"text-editor.default\">\n\t\t\t\t<div class=\"elementor-widget-container\">\n\t\t\t\t\t<div class=\"elementor-text-editor elementor-clearfix\"><p>Organis\u00e9s <b>1x\/mois<\/b>, en soir\u00e9e.<br \/>Tarif:<strong> 25\u20ac<\/strong><\/p><p>Curieuse de me rejoindre\u00a0? inscris toi <a href=\"http:\/\/www.bulle-sacree.be\/dounia\/index.php\/contact\/\">ici<\/a><\/p><p>Possibilit\u00e9 d\u2019organiser selon la demande, un cercle de femmes priv\u00e9, avec tes amies ou ta famille, afin d\u2019honorer un moment cher \u00e0 ton histoire (anniversaire, enterrement de vie de jeune fille, etc.).<\/p><\/div>\n\t\t\t\t<\/div>\n\t\t\t\t<\/div>\n\t\t\t\t\t\t<\/div>\n\t\t\t\t\t<\/div>\n\t\t<\/div>\n\t\t\t\t\t\t\t\t<\/div>\n\t\t\t\t\t<\/div>\n\t\t<\/section>\n\t\t\t\t<section class=\"elementor-section elementor-top-section elementor-element elementor-element-93bd26 elementor-section-full_width elementor-section-content-middle elementor-section-height-default elementor-section-height-default\" data-id=\"93bd26\" data-element_type=\"section\">\n\t\t\t\t\t\t<div class=\"elementor-container elementor-column-gap-default\">\n\t\t\t\t\t\t\t<div class=\"elementor-row\">\n\t\t\t\t\t<div class=\"elementor-column elementor-col-25 elementor-top-column elementor-element elementor-element-53d92ab8\" data-id=\"53d92ab8\" data-element_type=\"column\">\n\t\t\t<div class=\"elementor-column-wrap elementor-element-populated\">\n\t\t\t\t\t\t\t<div class=\"elementor-widget-wrap\">\n\t\t\t\t\t\t<div class=\"elementor-element elementor-element-1d6dafe2 elementor-widget elementor-widget-image\" data-id=\"1d6dafe2\" data-element_type=\"widget\" data-widget_type=\"image.default\">\n\t\t\t\t<div class=\"elementor-widget-container\">\n\t\t\t\t\t<div class=\"elementor-image\">\n\t\t\t\t\t\t\t\t\t\t<img loading=\"lazy\" decoding=\"async\" width=\"360\" height=\"360\" src=\"http:\/\/www.bulle-sacree.be\/dounia\/wp-content\/uploads\/2021\/01\/128896097_1030541684089365_4664576579623170797_n-e1610721245639.jpg\" class=\"attachment-full size-full\" alt=\"\" srcset=\"http:\/\/www.bulle-sacree.be\/dounia\/wp-content\/uploads\/2021\/01\/128896097_1030541684089365_4664576579623170797_n-e1610721245639.jpg 360w, http:\/\/www.bulle-sacree.be\/dounia\/wp-content\/uploads\/2021\/01\/128896097_1030541684089365_4664576579623170797_n-e1610721245639-300x300.jpg 300w, http:\/\/www.bulle-sacree.be\/dounia\/wp-content\/uploads\/2021\/01\/128896097_1030541684089365_4664576579623170797_n-e1610721245639-150x150.jpg 150w\" sizes=\"auto, (max-width: 360px) 100vw, 360px\" \/>\t\t\t\t\t\t\t\t\t\t\t<\/div>\n\t\t\t\t<\/div>\n\t\t\t\t<\/div>\n\t\t\t\t<div class=\"elementor-element elementor-element-152f1fcb elementor-widget elementor-widget-image\" data-id=\"152f1fcb\" data-element_type=\"widget\" data-widget_type=\"image.default\">\n\t\t\t\t<div class=\"elementor-widget-container\">\n\t\t\t\t\t<div class=\"elementor-image\">\n\t\t\t\t\t\t\t\t\t\t<img loading=\"lazy\" decoding=\"async\" width=\"300\" height=\"300\" src=\"http:\/\/www.bulle-sacree.be\/dounia\/wp-content\/uploads\/2021\/01\/128774723_377838173449829_5867818499504791007_n-e1610721343181-300x300.jpg\" class=\"attachment-medium size-medium\" alt=\"\" srcset=\"http:\/\/www.bulle-sacree.be\/dounia\/wp-content\/uploads\/2021\/01\/128774723_377838173449829_5867818499504791007_n-e1610721343181-300x300.jpg 300w, http:\/\/www.bulle-sacree.be\/dounia\/wp-content\/uploads\/2021\/01\/128774723_377838173449829_5867818499504791007_n-e1610721343181-150x150.jpg 150w, http:\/\/www.bulle-sacree.be\/dounia\/wp-content\/uploads\/2021\/01\/128774723_377838173449829_5867818499504791007_n-e1610721343181.jpg 351w\" sizes=\"auto, (max-width: 300px) 100vw, 300px\" \/>\t\t\t\t\t\t\t\t\t\t\t<\/div>\n\t\t\t\t<\/div>\n\t\t\t\t<\/div>\n\t\t\t\t\t\t<\/div>\n\t\t\t\t\t<\/div>\n\t\t<\/div>\n\t\t\t\t<div class=\"elementor-column elementor-col-25 elementor-top-column elementor-element elementor-element-17cfb2a4\" data-id=\"17cfb2a4\" data-element_type=\"column\">\n\t\t\t<div class=\"elementor-column-wrap elementor-element-populated\">\n\t\t\t\t\t\t\t<div class=\"elementor-widget-wrap\">\n\t\t\t\t\t\t<div class=\"elementor-element elementor-element-53713b90 elementor-widget elementor-widget-image\" data-id=\"53713b90\" data-element_type=\"widget\" data-widget_type=\"image.default\">\n\t\t\t\t<div class=\"elementor-widget-container\">\n\t\t\t\t\t<div class=\"elementor-image\">\n\t\t\t\t\t\t\t\t\t\t<img loading=\"lazy\" decoding=\"async\" width=\"300\" height=\"300\" src=\"http:\/\/www.bulle-sacree.be\/dounia\/wp-content\/uploads\/2021\/01\/129096191_1185127825236801_7240575345005828848_n-e1610721283207-300x300.jpg\" class=\"attachment-medium size-medium\" alt=\"\" srcset=\"http:\/\/www.bulle-sacree.be\/dounia\/wp-content\/uploads\/2021\/01\/129096191_1185127825236801_7240575345005828848_n-e1610721283207-300x300.jpg 300w, http:\/\/www.bulle-sacree.be\/dounia\/wp-content\/uploads\/2021\/01\/129096191_1185127825236801_7240575345005828848_n-e1610721283207-150x150.jpg 150w, http:\/\/www.bulle-sacree.be\/dounia\/wp-content\/uploads\/2021\/01\/129096191_1185127825236801_7240575345005828848_n-e1610721283207.jpg 351w\" sizes=\"auto, (max-width: 300px) 100vw, 300px\" \/>\t\t\t\t\t\t\t\t\t\t\t<\/div>\n\t\t\t\t<\/div>\n\t\t\t\t<\/div>\n\t\t\t\t<div class=\"elementor-element elementor-element-3704b63 elementor-widget elementor-widget-image\" data-id=\"3704b63\" data-element_type=\"widget\" data-widget_type=\"image.default\">\n\t\t\t\t<div class=\"elementor-widget-container\">\n\t\t\t\t\t<div class=\"elementor-image\">\n\t\t\t\t\t\t\t\t\t\t<img loading=\"lazy\" decoding=\"async\" width=\"1920\" height=\"1920\" src=\"http:\/\/www.bulle-sacree.be\/dounia\/wp-content\/uploads\/2021\/01\/118523117_354233795605487_6836695463575754943_n-scaled-e1610721384404.jpg\" class=\"attachment-full size-full\" alt=\"\" srcset=\"http:\/\/www.bulle-sacree.be\/dounia\/wp-content\/uploads\/2021\/01\/118523117_354233795605487_6836695463575754943_n-scaled-e1610721384404.jpg 1920w, http:\/\/www.bulle-sacree.be\/dounia\/wp-content\/uploads\/2021\/01\/118523117_354233795605487_6836695463575754943_n-scaled-e1610721384404-300x300.jpg 300w, http:\/\/www.bulle-sacree.be\/dounia\/wp-content\/uploads\/2021\/01\/118523117_354233795605487_6836695463575754943_n-scaled-e1610721384404-1024x1024.jpg 1024w, http:\/\/www.bulle-sacree.be\/dounia\/wp-content\/uploads\/2021\/01\/118523117_354233795605487_6836695463575754943_n-scaled-e1610721384404-150x150.jpg 150w, http:\/\/www.bulle-sacree.be\/dounia\/wp-content\/uploads\/2021\/01\/118523117_354233795605487_6836695463575754943_n-scaled-e1610721384404-768x768.jpg 768w, http:\/\/www.bulle-sacree.be\/dounia\/wp-content\/uploads\/2021\/01\/118523117_354233795605487_6836695463575754943_n-scaled-e1610721384404-1536x1536.jpg 1536w\" sizes=\"auto, (max-width: 1920px) 100vw, 1920px\" \/>\t\t\t\t\t\t\t\t\t\t\t<\/div>\n\t\t\t\t<\/div>\n\t\t\t\t<\/div>\n\t\t\t\t\t\t<\/div>\n\t\t\t\t\t<\/div>\n\t\t<\/div>\n\t\t\t\t<div class=\"elementor-column elementor-col-25 elementor-top-column elementor-element elementor-element-38566f7a\" data-id=\"38566f7a\" data-element_type=\"column\">\n\t\t\t<div class=\"elementor-column-wrap elementor-element-populated\">\n\t\t\t\t\t\t\t<div class=\"elementor-widget-wrap\">\n\t\t\t\t\t\t<div class=\"elementor-element elementor-element-767c87 elementor-widget elementor-widget-image\" data-id=\"767c87\" data-element_type=\"widget\" data-widget_type=\"image.default\">\n\t\t\t\t<div class=\"elementor-widget-container\">\n\t\t\t\t\t<div class=\"elementor-image\">\n\t\t\t\t\t\t\t\t\t\t<img loading=\"lazy\" decoding=\"async\" width=\"300\" height=\"300\" src=\"http:\/\/www.bulle-sacree.be\/dounia\/wp-content\/uploads\/2021\/01\/128840942_2689632524589737_1247773407237321012_n-e1610721302478-300x300.jpg\" class=\"attachment-medium size-medium\" alt=\"\" srcset=\"http:\/\/www.bulle-sacree.be\/dounia\/wp-content\/uploads\/2021\/01\/128840942_2689632524589737_1247773407237321012_n-e1610721302478-300x300.jpg 300w, http:\/\/www.bulle-sacree.be\/dounia\/wp-content\/uploads\/2021\/01\/128840942_2689632524589737_1247773407237321012_n-e1610721302478-150x150.jpg 150w, http:\/\/www.bulle-sacree.be\/dounia\/wp-content\/uploads\/2021\/01\/128840942_2689632524589737_1247773407237321012_n-e1610721302478.jpg 360w\" sizes=\"auto, (max-width: 300px) 100vw, 300px\" \/>\t\t\t\t\t\t\t\t\t\t\t<\/div>\n\t\t\t\t<\/div>\n\t\t\t\t<\/div>\n\t\t\t\t<div class=\"elementor-element elementor-element-6d328957 elementor-widget elementor-widget-image\" data-id=\"6d328957\" data-element_type=\"widget\" data-widget_type=\"image.default\">\n\t\t\t\t<div class=\"elementor-widget-container\">\n\t\t\t\t\t<div class=\"elementor-image\">\n\t\t\t\t\t\t\t\t\t\t<img loading=\"lazy\" decoding=\"async\" width=\"1920\" height=\"1920\" src=\"http:\/\/www.bulle-sacree.be\/dounia\/wp-content\/uploads\/2021\/01\/118517809_612688179348658_7156726810190841928_n-scaled-e1610721401480.jpg\" class=\"attachment-full size-full\" alt=\"\" srcset=\"http:\/\/www.bulle-sacree.be\/dounia\/wp-content\/uploads\/2021\/01\/118517809_612688179348658_7156726810190841928_n-scaled-e1610721401480.jpg 1920w, http:\/\/www.bulle-sacree.be\/dounia\/wp-content\/uploads\/2021\/01\/118517809_612688179348658_7156726810190841928_n-scaled-e1610721401480-300x300.jpg 300w, http:\/\/www.bulle-sacree.be\/dounia\/wp-content\/uploads\/2021\/01\/118517809_612688179348658_7156726810190841928_n-scaled-e1610721401480-1024x1024.jpg 1024w, http:\/\/www.bulle-sacree.be\/dounia\/wp-content\/uploads\/2021\/01\/118517809_612688179348658_7156726810190841928_n-scaled-e1610721401480-150x150.jpg 150w, http:\/\/www.bulle-sacree.be\/dounia\/wp-content\/uploads\/2021\/01\/118517809_612688179348658_7156726810190841928_n-scaled-e1610721401480-768x768.jpg 768w, http:\/\/www.bulle-sacree.be\/dounia\/wp-content\/uploads\/2021\/01\/118517809_612688179348658_7156726810190841928_n-scaled-e1610721401480-1536x1536.jpg 1536w\" sizes=\"auto, (max-width: 1920px) 100vw, 1920px\" \/>\t\t\t\t\t\t\t\t\t\t\t<\/div>\n\t\t\t\t<\/div>\n\t\t\t\t<\/div>\n\t\t\t\t\t\t<\/div>\n\t\t\t\t\t<\/div>\n\t\t<\/div>\n\t\t\t\t<div class=\"elementor-column elementor-col-25 elementor-top-column elementor-element elementor-element-2d1e7439\" data-id=\"2d1e7439\" data-element_type=\"column\">\n\t\t\t<div class=\"elementor-column-wrap elementor-element-populated\">\n\t\t\t\t\t\t\t<div class=\"elementor-widget-wrap\">\n\t\t\t\t\t\t<div class=\"elementor-element elementor-element-638e754e elementor-widget elementor-widget-image\" data-id=\"638e754e\" data-element_type=\"widget\" data-widget_type=\"image.default\">\n\t\t\t\t<div class=\"elementor-widget-container\">\n\t\t\t\t\t<div class=\"elementor-image\">\n\t\t\t\t\t\t\t\t\t\t<img loading=\"lazy\" decoding=\"async\" width=\"300\" height=\"300\" src=\"http:\/\/www.bulle-sacree.be\/dounia\/wp-content\/uploads\/2021\/01\/128787624_411125596596987_1897697529140954232_n-e1610721324507-300x300.jpg\" class=\"attachment-medium size-medium\" alt=\"\" srcset=\"http:\/\/www.bulle-sacree.be\/dounia\/wp-content\/uploads\/2021\/01\/128787624_411125596596987_1897697529140954232_n-e1610721324507-300x300.jpg 300w, http:\/\/www.bulle-sacree.be\/dounia\/wp-content\/uploads\/2021\/01\/128787624_411125596596987_1897697529140954232_n-e1610721324507-150x150.jpg 150w, http:\/\/www.bulle-sacree.be\/dounia\/wp-content\/uploads\/2021\/01\/128787624_411125596596987_1897697529140954232_n-e1610721324507.jpg 351w\" sizes=\"auto, (max-width: 300px) 100vw, 300px\" \/>\t\t\t\t\t\t\t\t\t\t\t<\/div>\n\t\t\t\t<\/div>\n\t\t\t\t<\/div>\n\t\t\t\t<div class=\"elementor-element elementor-element-3320395b elementor-widget elementor-widget-image\" data-id=\"3320395b\" data-element_type=\"widget\" data-widget_type=\"image.default\">\n\t\t\t\t<div class=\"elementor-widget-container\">\n\t\t\t\t\t<div class=\"elementor-image\">\n\t\t\t\t\t\t\t\t\t\t<img decoding=\"async\" src=\"http:\/\/www.bulle-sacree.be\/dounia\/wp-content\/uploads\/elementor\/thumbs\/1-scaled-e1610721436133-p1em2rxkkxbbgg13bh6r6b7lnx4zwsfd0zuzwtip1g.jpg\" title=\"1\" alt=\"1\" \/>\t\t\t\t\t\t\t\t\t\t\t<\/div>\n\t\t\t\t<\/div>\n\t\t\t\t<\/div>\n\t\t\t\t\t\t<\/div>\n\t\t\t\t\t<\/div>\n\t\t<\/div>\n\t\t\t\t\t\t\t\t<\/div>\n\t\t\t\t\t<\/div>\n\t\t<\/section>\n\t\t\t\t\t\t<\/div>\n\t\t\t\t\t\t<\/div>\n\t\t\t\t\t<\/div>\n\t\t","protected":false},"excerpt":{"rendered":"<p>Le Cercle est un lieu o\u00f9 chaque femme peut venir se d\u00e9poser un instant et se ressourcer loin du quotidien. Un lieu o\u00f9 tu pourras raconter ton histoire dans un espace intime et s\u00e9curitaire. Un moment hors du temps et de la vie habituelle, un moment pour ETRE, pour profiter de l\u2019instant pr\u00e9sent. En pratique, [&hellip;]<\/p>\n","protected":false},"author":1,"featured_media":0,"parent":0,"menu_order":0,"comment_status":"closed","ping_status":"closed","template":"","meta":{"footnotes":""},"class_list":["post-40","page","type-page","status-publish","hentry"],"_links":{"self":[{"href":"http:\/\/www.bulle-sacree.be\/dounia\/index.php\/wp-json\/wp\/v2\/pages\/40","targetHints":{"allow":["GET"]}}],"collection":[{"href":"http:\/\/www.bulle-sacree.be\/dounia\/index.php\/wp-json\/wp\/v2\/pages"}],"about":[{"href":"http:\/\/www.bulle-sacree.be\/dounia\/index.php\/wp-json\/wp\/v2\/types\/page"}],"author":[{"embeddable":true,"href":"http:\/\/www.bulle-sacree.be\/dounia\/index.php\/wp-json\/wp\/v2\/users\/1"}],"replies":[{"embeddable":true,"href":"http:\/\/www.bulle-sacree.be\/dounia\/index.php\/wp-json\/wp\/v2\/comments?post=40"}],"version-history":[{"count":36,"href":"http:\/\/www.bulle-sacree.be\/dounia\/index.php\/wp-json\/wp\/v2\/pages\/40\/revisions"}],"predecessor-version":[{"id":1595,"href":"http:\/\/www.bulle-sacree.be\/dounia\/index.php\/wp-json\/wp\/v2\/pages\/40\/revisions\/1595"}],"wp:attachment":[{"href":"http:\/\/www.bulle-sacree.be\/dounia\/index.php\/wp-json\/wp\/v2\/media?parent=40"}],"curies":[{"name":"wp","href":"https:\/\/api.w.org\/{rel}","templated":true}]}}