{"id":305,"date":"2020-12-02T12:42:51","date_gmt":"2020-12-02T11:42:51","guid":{"rendered":"http:\/\/www.bulle-sacree.be\/dounia\/?page_id=305"},"modified":"2021-05-07T23:02:26","modified_gmt":"2021-05-07T21:02:26","slug":"mon-univers","status":"publish","type":"page","link":"http:\/\/www.bulle-sacree.be\/dounia\/index.php\/mon-univers\/","title":{"rendered":"En pratique"},"content":{"rendered":"\t\t<div data-elementor-type=\"wp-page\" data-elementor-id=\"305\" class=\"elementor elementor-305\" data-elementor-settings=\"[]\">\n\t\t\t\t\t\t<div class=\"elementor-inner\">\n\t\t\t\t\t\t\t<div class=\"elementor-section-wrap\">\n\t\t\t\t\t\t\t<section class=\"elementor-section elementor-top-section elementor-element elementor-element-36ae702 elementor-section-content-middle elementor-section-stretched elementor-section-boxed elementor-section-height-default elementor-section-height-default\" data-id=\"36ae702\" data-element_type=\"section\" data-settings=\"{&quot;stretch_section&quot;:&quot;section-stretched&quot;,&quot;background_background&quot;:&quot;classic&quot;}\">\n\t\t\t\t\t\t<div class=\"elementor-container elementor-column-gap-wider\">\n\t\t\t\t\t\t\t<div class=\"elementor-row\">\n\t\t\t\t\t<div class=\"elementor-column elementor-col-33 elementor-top-column elementor-element elementor-element-9118f74\" data-id=\"9118f74\" data-element_type=\"column\">\n\t\t\t<div class=\"elementor-column-wrap elementor-element-populated\">\n\t\t\t\t\t\t\t<div class=\"elementor-widget-wrap\">\n\t\t\t\t\t\t<div class=\"elementor-element elementor-element-7c0b071 animated-slow elementor-invisible elementor-widget elementor-widget-image\" data-id=\"7c0b071\" data-element_type=\"widget\" data-settings=\"{&quot;_animation&quot;:&quot;fadeIn&quot;}\" data-widget_type=\"image.default\">\n\t\t\t\t<div class=\"elementor-widget-container\">\n\t\t\t\t\t<div class=\"elementor-image\">\n\t\t\t\t\t\t\t\t\t\t<img loading=\"lazy\" decoding=\"async\" width=\"640\" height=\"640\" src=\"http:\/\/www.bulle-sacree.be\/dounia\/wp-content\/uploads\/2020\/12\/Dounia.png\" class=\"attachment-large size-large\" alt=\"\" srcset=\"http:\/\/www.bulle-sacree.be\/dounia\/wp-content\/uploads\/2020\/12\/Dounia.png 800w, http:\/\/www.bulle-sacree.be\/dounia\/wp-content\/uploads\/2020\/12\/Dounia-300x300.png 300w, http:\/\/www.bulle-sacree.be\/dounia\/wp-content\/uploads\/2020\/12\/Dounia-150x150.png 150w, http:\/\/www.bulle-sacree.be\/dounia\/wp-content\/uploads\/2020\/12\/Dounia-768x768.png 768w\" sizes=\"auto, (max-width: 640px) 100vw, 640px\" \/>\t\t\t\t\t\t\t\t\t\t\t<\/div>\n\t\t\t\t<\/div>\n\t\t\t\t<\/div>\n\t\t\t\t\t\t<\/div>\n\t\t\t\t\t<\/div>\n\t\t<\/div>\n\t\t\t\t<div class=\"elementor-column elementor-col-66 elementor-top-column elementor-element elementor-element-b78558b\" data-id=\"b78558b\" data-element_type=\"column\">\n\t\t\t<div class=\"elementor-column-wrap elementor-element-populated\">\n\t\t\t\t\t\t\t<div class=\"elementor-widget-wrap\">\n\t\t\t\t\t\t<div class=\"elementor-element elementor-element-b2b197b elementor-widget elementor-widget-text-editor\" data-id=\"b2b197b\" data-element_type=\"widget\" data-widget_type=\"text-editor.default\">\n\t\t\t\t<div class=\"elementor-widget-container\">\n\t\t\t\t\t<div class=\"elementor-text-editor elementor-clearfix\"><p>Je suis Dounia, j\u2019entoure les femmes lorsqu\u2019elles ont besoin d\u2019\u00eatre entendues, d\u2019\u00eatre soutenues, de faire une pause, de prendre un temps d\u2019arr\u00eat, de faire le point, de se relaxer, de se d\u00e9poser,\u2026<\/p><p>Je suis Dounia, j\u2019accompagne les femmes et les couples dans leur chemin personnel vers la naissance de leur famille\u2026<\/p><\/div>\n\t\t\t\t<\/div>\n\t\t\t\t<\/div>\n\t\t\t\t\t\t<\/div>\n\t\t\t\t\t<\/div>\n\t\t<\/div>\n\t\t\t\t\t\t\t\t<\/div>\n\t\t\t\t\t<\/div>\n\t\t<\/section>\n\t\t\t\t<section class=\"elementor-section elementor-top-section elementor-element elementor-element-0796f34 elementor-section-stretched elementor-section-boxed elementor-section-height-default elementor-section-height-default\" data-id=\"0796f34\" data-element_type=\"section\" data-settings=\"{&quot;stretch_section&quot;:&quot;section-stretched&quot;}\">\n\t\t\t\t\t\t<div class=\"elementor-container elementor-column-gap-default\">\n\t\t\t\t\t\t\t<div class=\"elementor-row\">\n\t\t\t\t\t<div class=\"elementor-column elementor-col-100 elementor-top-column elementor-element elementor-element-edd322b\" data-id=\"edd322b\" data-element_type=\"column\">\n\t\t\t<div class=\"elementor-column-wrap elementor-element-populated\">\n\t\t\t\t\t\t\t<div class=\"elementor-widget-wrap\">\n\t\t\t\t\t\t<div class=\"elementor-element elementor-element-7dee657 elementor-widget elementor-widget-text-editor\" data-id=\"7dee657\" data-element_type=\"widget\" data-widget_type=\"text-editor.default\">\n\t\t\t\t<div class=\"elementor-widget-container\">\n\t\t\t\t\t<div class=\"elementor-text-editor elementor-clearfix\"><p>Aussi loin que je me souvienne, j\u2019ai toujours \u00e9t\u00e9 quelqu\u2019un qui aime profond\u00e9ment venir en aide aux autres, les entourer, les \u00e9couter, les choyer.<\/p><p>Apr\u00e8s la naissance pr\u00e9matur\u00e9e de mon premier enfant en 2009, je me suis beaucoup questionn\u00e9e sur le manque de soutien et j\u2019ai voulu \u00eatre une pr\u00e9sence pour les couples qui vivent des difficult\u00e9s li\u00e9es \u00e0 la naissance de leur enfant, je voulais informer, soutenir, entourer.<\/p><p>Depuis 2012, je me forme et affine mes pratiques pour partager et transmettre au plus juste de qui je suis.<\/p><p>Je suis DOULA, form\u00e9e \u00e0 l\u2019AFA en 2012-2013.<\/p><p>En Juin 2018, je me forme pour pratiquer le RITUEL SOIN REBOZO, je vis un moment transcendant qui me ram\u00e8ne \u00e0 la certitude que je veux prendre soin des femmes, c\u2019est l\u00e0, c\u2019est en moi depuis toujours.<br \/>Je suis MAGICIENNE DU FEU.<\/p><p>De 2018 \u00e0 2019 c\u2019est tout naturellement au MASSAGE que je me forme. Je suis MASSOTH\u00c9RAPEUTE.<\/p><p>Depuis je prends beaucoup de plaisir \u00e0 prendre soin de vous, \u00e0 travers un \u00e9change verbal, un rituel, un massage, une pr\u00e9sence.\u00a0 Je vibre avec vous.<\/p><p>Je pr\u00e9pare votre BULLE SACR\u00c9E d\u2019un instant, je vous permets de vous d\u00e9poser, d\u2019\u00eatre vous-m\u00eame, de prendre confiance, de grandir, d\u2019apprendre.<\/p><p>Je suis Dounia et je suis \u00e0 ma place.<\/p><\/div>\n\t\t\t\t<\/div>\n\t\t\t\t<\/div>\n\t\t\t\t\t\t<\/div>\n\t\t\t\t\t<\/div>\n\t\t<\/div>\n\t\t\t\t\t\t\t\t<\/div>\n\t\t\t\t\t<\/div>\n\t\t<\/section>\n\t\t\t\t<section class=\"elementor-section elementor-top-section elementor-element elementor-element-e86ea86 elementor-section-stretched elementor-section-boxed elementor-section-height-default elementor-section-height-default\" data-id=\"e86ea86\" data-element_type=\"section\" data-settings=\"{&quot;stretch_section&quot;:&quot;section-stretched&quot;,&quot;background_background&quot;:&quot;classic&quot;}\">\n\t\t\t\t\t\t<div class=\"elementor-container elementor-column-gap-default\">\n\t\t\t\t\t\t\t<div class=\"elementor-row\">\n\t\t\t\t\t<div class=\"elementor-column elementor-col-33 elementor-top-column elementor-element elementor-element-8dd771c\" data-id=\"8dd771c\" data-element_type=\"column\">\n\t\t\t<div class=\"elementor-column-wrap elementor-element-populated\">\n\t\t\t\t\t\t\t<div class=\"elementor-widget-wrap\">\n\t\t\t\t\t\t<div class=\"elementor-element elementor-element-fb1313d elementor-widget elementor-widget-image\" data-id=\"fb1313d\" data-element_type=\"widget\" data-widget_type=\"image.default\">\n\t\t\t\t<div class=\"elementor-widget-container\">\n\t\t\t\t\t<div class=\"elementor-image\">\n\t\t\t\t\t\t\t\t\t\t<img loading=\"lazy\" decoding=\"async\" width=\"640\" height=\"640\" src=\"http:\/\/www.bulle-sacree.be\/dounia\/wp-content\/uploads\/2021\/02\/Tarif.png\" class=\"attachment-large size-large\" alt=\"\" srcset=\"http:\/\/www.bulle-sacree.be\/dounia\/wp-content\/uploads\/2021\/02\/Tarif.png 800w, http:\/\/www.bulle-sacree.be\/dounia\/wp-content\/uploads\/2021\/02\/Tarif-300x300.png 300w, http:\/\/www.bulle-sacree.be\/dounia\/wp-content\/uploads\/2021\/02\/Tarif-150x150.png 150w, http:\/\/www.bulle-sacree.be\/dounia\/wp-content\/uploads\/2021\/02\/Tarif-768x768.png 768w\" sizes=\"auto, (max-width: 640px) 100vw, 640px\" \/>\t\t\t\t\t\t\t\t\t\t\t<\/div>\n\t\t\t\t<\/div>\n\t\t\t\t<\/div>\n\t\t\t\t<div class=\"elementor-element elementor-element-595f0a1 elementor-align-center elementor-widget elementor-widget-button\" data-id=\"595f0a1\" data-element_type=\"widget\" data-widget_type=\"button.default\">\n\t\t\t\t<div class=\"elementor-widget-container\">\n\t\t\t\t\t<div class=\"elementor-button-wrapper\">\n\t\t\t<a href=\"http:\/\/www.bulle-sacree.be\/dounia\/index.php\/tarifs\/\" class=\"elementor-button-link elementor-button elementor-size-xl\" role=\"button\">\n\t\t\t\t\t\t<span class=\"elementor-button-content-wrapper\">\n\t\t\t\t\t\t<span class=\"elementor-button-text\">Mes services et tarifs<\/span>\n\t\t<\/span>\n\t\t\t\t\t<\/a>\n\t\t<\/div>\n\t\t\t\t<\/div>\n\t\t\t\t<\/div>\n\t\t\t\t\t\t<\/div>\n\t\t\t\t\t<\/div>\n\t\t<\/div>\n\t\t\t\t<div class=\"elementor-column elementor-col-33 elementor-top-column elementor-element elementor-element-76e8642\" data-id=\"76e8642\" data-element_type=\"column\">\n\t\t\t<div class=\"elementor-column-wrap elementor-element-populated\">\n\t\t\t\t\t\t\t<div class=\"elementor-widget-wrap\">\n\t\t\t\t\t\t<div class=\"elementor-element elementor-element-4586882 elementor-widget elementor-widget-image\" data-id=\"4586882\" data-element_type=\"widget\" data-widget_type=\"image.default\">\n\t\t\t\t<div class=\"elementor-widget-container\">\n\t\t\t\t\t<div class=\"elementor-image\">\n\t\t\t\t\t\t\t\t\t\t<img loading=\"lazy\" decoding=\"async\" width=\"640\" height=\"640\" src=\"http:\/\/www.bulle-sacree.be\/dounia\/wp-content\/uploads\/2021\/02\/Agenda.png\" class=\"attachment-large size-large\" alt=\"\" srcset=\"http:\/\/www.bulle-sacree.be\/dounia\/wp-content\/uploads\/2021\/02\/Agenda.png 800w, http:\/\/www.bulle-sacree.be\/dounia\/wp-content\/uploads\/2021\/02\/Agenda-300x300.png 300w, http:\/\/www.bulle-sacree.be\/dounia\/wp-content\/uploads\/2021\/02\/Agenda-150x150.png 150w, http:\/\/www.bulle-sacree.be\/dounia\/wp-content\/uploads\/2021\/02\/Agenda-768x768.png 768w\" sizes=\"auto, (max-width: 640px) 100vw, 640px\" \/>\t\t\t\t\t\t\t\t\t\t\t<\/div>\n\t\t\t\t<\/div>\n\t\t\t\t<\/div>\n\t\t\t\t<div class=\"elementor-element elementor-element-86fcefd elementor-align-center elementor-widget elementor-widget-button\" data-id=\"86fcefd\" data-element_type=\"widget\" data-widget_type=\"button.default\">\n\t\t\t\t<div class=\"elementor-widget-container\">\n\t\t\t\t\t<div class=\"elementor-button-wrapper\">\n\t\t\t<a href=\"http:\/\/www.bulle-sacree.be\/dounia\/index.php\/agenda\/\" class=\"elementor-button-link elementor-button elementor-size-xl\" role=\"button\">\n\t\t\t\t\t\t<span class=\"elementor-button-content-wrapper\">\n\t\t\t\t\t\t<span class=\"elementor-button-text\">Agenda & Ev\u00e8nements<\/span>\n\t\t<\/span>\n\t\t\t\t\t<\/a>\n\t\t<\/div>\n\t\t\t\t<\/div>\n\t\t\t\t<\/div>\n\t\t\t\t\t\t<\/div>\n\t\t\t\t\t<\/div>\n\t\t<\/div>\n\t\t\t\t<div class=\"elementor-column elementor-col-33 elementor-top-column elementor-element elementor-element-564e9c8\" data-id=\"564e9c8\" data-element_type=\"column\">\n\t\t\t<div class=\"elementor-column-wrap elementor-element-populated\">\n\t\t\t\t\t\t\t<div class=\"elementor-widget-wrap\">\n\t\t\t\t\t\t<div class=\"elementor-element elementor-element-1a6d2d5 elementor-widget elementor-widget-image\" data-id=\"1a6d2d5\" data-element_type=\"widget\" data-widget_type=\"image.default\">\n\t\t\t\t<div class=\"elementor-widget-container\">\n\t\t\t\t\t<div class=\"elementor-image\">\n\t\t\t\t\t\t\t\t\t\t<img loading=\"lazy\" decoding=\"async\" width=\"640\" height=\"640\" src=\"http:\/\/www.bulle-sacree.be\/dounia\/wp-content\/uploads\/2021\/05\/Copie-de-Accompagnement-naissance.png\" class=\"attachment-large size-large\" alt=\"\" srcset=\"http:\/\/www.bulle-sacree.be\/dounia\/wp-content\/uploads\/2021\/05\/Copie-de-Accompagnement-naissance.png 800w, http:\/\/www.bulle-sacree.be\/dounia\/wp-content\/uploads\/2021\/05\/Copie-de-Accompagnement-naissance-300x300.png 300w, http:\/\/www.bulle-sacree.be\/dounia\/wp-content\/uploads\/2021\/05\/Copie-de-Accompagnement-naissance-150x150.png 150w, http:\/\/www.bulle-sacree.be\/dounia\/wp-content\/uploads\/2021\/05\/Copie-de-Accompagnement-naissance-768x768.png 768w\" sizes=\"auto, (max-width: 640px) 100vw, 640px\" \/>\t\t\t\t\t\t\t\t\t\t\t<\/div>\n\t\t\t\t<\/div>\n\t\t\t\t<\/div>\n\t\t\t\t<div class=\"elementor-element elementor-element-922837f elementor-align-center elementor-widget elementor-widget-button\" data-id=\"922837f\" data-element_type=\"widget\" data-widget_type=\"button.default\">\n\t\t\t\t<div class=\"elementor-widget-container\">\n\t\t\t\t\t<div class=\"elementor-button-wrapper\">\n\t\t\t<a href=\"http:\/\/www.bulle-sacree.be\/dounia\/index.php\/contact\/\" class=\"elementor-button-link elementor-button elementor-size-xl\" role=\"button\">\n\t\t\t\t\t\t<span class=\"elementor-button-content-wrapper\">\n\t\t\t\t\t\t<span class=\"elementor-button-text\">Me contacter<\/span>\n\t\t<\/span>\n\t\t\t\t\t<\/a>\n\t\t<\/div>\n\t\t\t\t<\/div>\n\t\t\t\t<\/div>\n\t\t\t\t\t\t<\/div>\n\t\t\t\t\t<\/div>\n\t\t<\/div>\n\t\t\t\t\t\t\t\t<\/div>\n\t\t\t\t\t<\/div>\n\t\t<\/section>\n\t\t\t\t\t\t<\/div>\n\t\t\t\t\t\t<\/div>\n\t\t\t\t\t<\/div>\n\t\t","protected":false},"excerpt":{"rendered":"<p>Je suis Dounia, j\u2019entoure les femmes lorsqu\u2019elles ont besoin d\u2019\u00eatre entendues, d\u2019\u00eatre soutenues, de faire une pause, de prendre un temps d\u2019arr\u00eat, de faire le point, de se relaxer, de se d\u00e9poser,\u2026 Je suis Dounia, j\u2019accompagne les femmes et les couples dans leur chemin personnel vers la naissance de leur famille\u2026 Aussi loin que je [&hellip;]<\/p>\n","protected":false},"author":2,"featured_media":0,"parent":0,"menu_order":0,"comment_status":"closed","ping_status":"closed","template":"","meta":{"footnotes":""},"class_list":["post-305","page","type-page","status-publish","hentry"],"_links":{"self":[{"href":"http:\/\/www.bulle-sacree.be\/dounia\/index.php\/wp-json\/wp\/v2\/pages\/305","targetHints":{"allow":["GET"]}}],"collection":[{"href":"http:\/\/www.bulle-sacree.be\/dounia\/index.php\/wp-json\/wp\/v2\/pages"}],"about":[{"href":"http:\/\/www.bulle-sacree.be\/dounia\/index.php\/wp-json\/wp\/v2\/types\/page"}],"author":[{"embeddable":true,"href":"http:\/\/www.bulle-sacree.be\/dounia\/index.php\/wp-json\/wp\/v2\/users\/2"}],"replies":[{"embeddable":true,"href":"http:\/\/www.bulle-sacree.be\/dounia\/index.php\/wp-json\/wp\/v2\/comments?post=305"}],"version-history":[{"count":48,"href":"http:\/\/www.bulle-sacree.be\/dounia\/index.php\/wp-json\/wp\/v2\/pages\/305\/revisions"}],"predecessor-version":[{"id":1344,"href":"http:\/\/www.bulle-sacree.be\/dounia\/index.php\/wp-json\/wp\/v2\/pages\/305\/revisions\/1344"}],"wp:attachment":[{"href":"http:\/\/www.bulle-sacree.be\/dounia\/index.php\/wp-json\/wp\/v2\/media?parent=305"}],"curies":[{"name":"wp","href":"https:\/\/api.w.org\/{rel}","templated":true}]}}