{"id":1115,"date":"2021-02-27T10:20:21","date_gmt":"2021-02-27T09:20:21","guid":{"rendered":"http:\/\/www.bulle-sacree.be\/dounia\/?page_id=1115"},"modified":"2024-05-01T17:08:56","modified_gmt":"2024-05-01T15:08:56","slug":"cercle-post-partum","status":"publish","type":"page","link":"http:\/\/www.bulle-sacree.be\/dounia\/index.php\/accompagnement-des-femmes\/cercle-post-partum\/","title":{"rendered":"Atelier Post-Partum"},"content":{"rendered":"\t\t<div data-elementor-type=\"wp-page\" data-elementor-id=\"1115\" class=\"elementor elementor-1115\" data-elementor-settings=\"[]\">\n\t\t\t\t\t\t<div class=\"elementor-inner\">\n\t\t\t\t\t\t\t<div class=\"elementor-section-wrap\">\n\t\t\t\t\t\t\t<section class=\"elementor-section elementor-top-section elementor-element elementor-element-5d269b22 elementor-section-content-middle elementor-section-stretched elementor-section-boxed elementor-section-height-default elementor-section-height-default\" data-id=\"5d269b22\" data-element_type=\"section\" data-settings=\"{&quot;stretch_section&quot;:&quot;section-stretched&quot;,&quot;background_background&quot;:&quot;classic&quot;}\">\n\t\t\t\t\t\t<div class=\"elementor-container elementor-column-gap-wider\">\n\t\t\t\t\t\t\t<div class=\"elementor-row\">\n\t\t\t\t\t<div class=\"elementor-column elementor-col-33 elementor-top-column elementor-element elementor-element-7bdb4674\" data-id=\"7bdb4674\" data-element_type=\"column\">\n\t\t\t<div class=\"elementor-column-wrap elementor-element-populated\">\n\t\t\t\t\t\t\t<div class=\"elementor-widget-wrap\">\n\t\t\t\t\t\t<div class=\"elementor-element elementor-element-2fcc6c7 elementor-widget elementor-widget-image\" data-id=\"2fcc6c7\" data-element_type=\"widget\" data-widget_type=\"image.default\">\n\t\t\t\t<div class=\"elementor-widget-container\">\n\t\t\t\t\t<div class=\"elementor-image\">\n\t\t\t\t\t\t\t\t\t\t<img loading=\"lazy\" decoding=\"async\" width=\"640\" height=\"640\" src=\"http:\/\/www.bulle-sacree.be\/dounia\/wp-content\/uploads\/2021\/05\/1-1.png\" class=\"attachment-large size-large\" alt=\"\" srcset=\"http:\/\/www.bulle-sacree.be\/dounia\/wp-content\/uploads\/2021\/05\/1-1.png 800w, http:\/\/www.bulle-sacree.be\/dounia\/wp-content\/uploads\/2021\/05\/1-1-300x300.png 300w, http:\/\/www.bulle-sacree.be\/dounia\/wp-content\/uploads\/2021\/05\/1-1-150x150.png 150w, http:\/\/www.bulle-sacree.be\/dounia\/wp-content\/uploads\/2021\/05\/1-1-768x768.png 768w\" sizes=\"auto, (max-width: 640px) 100vw, 640px\" \/>\t\t\t\t\t\t\t\t\t\t\t<\/div>\n\t\t\t\t<\/div>\n\t\t\t\t<\/div>\n\t\t\t\t\t\t<\/div>\n\t\t\t\t\t<\/div>\n\t\t<\/div>\n\t\t\t\t<div class=\"elementor-column elementor-col-66 elementor-top-column elementor-element elementor-element-3dc3e219\" data-id=\"3dc3e219\" data-element_type=\"column\" data-settings=\"{&quot;background_background&quot;:&quot;classic&quot;}\">\n\t\t\t<div class=\"elementor-column-wrap elementor-element-populated\">\n\t\t\t\t\t\t\t<div class=\"elementor-widget-wrap\">\n\t\t\t\t\t\t<div class=\"elementor-element elementor-element-6932d05c elementor-widget elementor-widget-text-editor\" data-id=\"6932d05c\" data-element_type=\"widget\" data-widget_type=\"text-editor.default\">\n\t\t\t\t<div class=\"elementor-widget-container\">\n\t\t\t\t\t<div class=\"elementor-text-editor elementor-clearfix\"><p>J\u2019organise ces <strong>rencontres autour de la p\u00e9riode postnatale <\/strong>afin de pr\u00e9parer\u00a0 et d&rsquo;informer autour de cette pr\u00e9cieuse p\u00e9riode.<\/p><div class=\"kvgmc6g5 cxmmr5t8 oygrvhab hcukyx3x c1et5uql\">J&rsquo;ai \u00e0 c\u0153ur de vous proposer cet espace qui aura pour but de \ud835\ude58\ud835\ude5d\ud835\ude5a\ud835\ude62\ud835\ude5e\ud835\ude63\ud835\ude5a\ud835\ude67 \ud835\ude5a\ud835\ude63\ud835\ude68\ud835\ude5a\ud835\ude62\ud835\ude57\ud835\ude61\ud835\ude5a \ud835\ude56\ud835\ude6a\ud835\ude69\ud835\ude64\ud835\ude6a\ud835\ude67 \ud835\ude59\ud835\ude5a \ud835\ude58\ud835\ude5a \ud835\ude66\ud835\ude6a\u2019\ud835\ude5a\ud835\ude68\ud835\ude69 \ud835\ude61\ud835\ude56 \ud835\ude65\u00e9\ud835\ude67\ud835\ude5e\ud835\ude64\ud835\ude59\ud835\ude5a \ud835\ude65\ud835\ude64\ud835\ude68\ud835\ude69\ud835\ude63\ud835\ude56\ud835\ude69\ud835\ude56\ud835\ude61\ud835\ude5a \ud835\ude5a\ud835\ude69 \ud835\ude59\u2019\ud835\ude56\ud835\ude65\ud835\ude65\ud835\ude67\ud835\ude5a\ud835\ude63\ud835\ude59\ud835\ude67\ud835\ude5a \u00e0 \ud835\ude58\ud835\ude5d\ud835\ude64\ud835\ude6e\ud835\ude5a\ud835\ude67 \ud835\ude58\ud835\ude5a\ud835\ude68 \ud835\ude5e\ud835\ude63\ud835\ude68\ud835\ude69\ud835\ude56\ud835\ude63\ud835\ude69\ud835\ude68.<\/div><div class=\"o9v6fnle cxmmr5t8 oygrvhab hcukyx3x c1et5uql\">\u00a0<\/div><div class=\"o9v6fnle cxmmr5t8 oygrvhab hcukyx3x c1et5uql\">Je mets mes \ud835\ude58\ud835\ude64\ud835\ude63\ud835\ude63\ud835\ude56\ud835\ude5e\ud835\ude68\ud835\ude68\ud835\ude56\ud835\ude63\ud835\ude58\ud835\ude5a\ud835\ude68 \ud835\ude59\ud835\ude5a \ud835\ude3f\ud835\ude64\ud835\ude6a\ud835\ude61\ud835\ude56\ud835\ude68 \u00e0 \ud835\ude6b\ud835\ude64\ud835\ude69\ud835\ude67\ud835\ude5a \ud835\ude59\ud835\ude5e\ud835\ude68\ud835\ude65\ud835\ude64\ud835\ude68\ud835\ude5e\ud835\ude69\ud835\ude5e\ud835\ude64\ud835\ude63 afin que vous puissiez appr\u00e9hender cette p\u00e9riode avec plus de douceur et y \u00eatre pr\u00e9par\u00e9s au mieux.<\/div><div class=\"o9v6fnle cxmmr5t8 oygrvhab hcukyx3x c1et5uql\">\u00a0<\/div><div class=\"o9v6fnle cxmmr5t8 oygrvhab hcukyx3x c1et5uql\">Nous pourrons \u00e9\ud835\ude58\ud835\ude5d\ud835\ude56\ud835\ude63\ud835\ude5c\ud835\ude5a\ud835\ude67, \ud835\ude5a\ud835\ude63 \ud835\ude58\ud835\ude5a\ud835\ude67\ud835\ude58\ud835\ude61\ud835\ude5a, \ud835\ude5a\ud835\ude63 \ud835\ude5c\ud835\ude67\ud835\ude64\ud835\ude6a\ud835\ude65\ud835\ude5a \ud835\ude5a\ud835\ude69 \ud835\ude59\ud835\ude5a \ud835\ude62\ud835\ude56\ud835\ude63\ud835\ude5e\u00e8\ud835\ude67\ud835\ude5a \ud835\ude61\ud835\ude6a\ud835\ude59\ud835\ude5e\ud835\ude66\ud835\ude6a\ud835\ude5a sur le v\u00e9cu et les croyances que chacun aura \u00e0 apporter concernant cette p\u00e9riode si particuli\u00e8re.<\/div><div class=\"o9v6fnle cxmmr5t8 oygrvhab hcukyx3x c1et5uql\">\u00a0<\/div><div class=\"o9v6fnle cxmmr5t8 oygrvhab hcukyx3x c1et5uql\"><p>Vous repartirez avec \ud835\ude59\ud835\ude5a\ud835\ude68 \ud835\ude58\ud835\ude64\ud835\ude63\ud835\ude63\ud835\ude56\ud835\ude5e\ud835\ude68\ud835\ude68\ud835\ude56\ud835\ude63\ud835\ude58\ud835\ude5a\ud835\ude68 \ud835\ude68\ud835\ude6a\ud835\ude65\ud835\ude65\ud835\ude61\u00e9\ud835\ude62\ud835\ude5a\ud835\ude63\ud835\ude69\ud835\ude56\ud835\ude5e\ud835\ude67\ud835\ude5a\ud835\ude68 \ud835\ude5a\ud835\ude69 \ud835\ude68\ud835\ude56\ud835\ude63\ud835\ude68 \ud835\ude69\ud835\ude56\ud835\ude57\ud835\ude64\ud835\ude6a, \ud835\ude68\ud835\ude6a\ud835\ude67 \ud835\ude58\ud835\ude5a \ud835\ude65\ud835\ude56\ud835\ude68\ud835\ude68\ud835\ude56\ud835\ude5c\ud835\ude5a \ud835\ude59\ud835\ude5a \ud835\ude6b\ud835\ude5e\ud835\ude5a \ud835\ude66\ud835\ude6a\ud835\ude5e \ud835\ude68\ud835\ude6a\ud835\ude5e\ud835\ude69 \ud835\ude61\ud835\ude56 \ud835\ude62\ud835\ude5e\ud835\ude68\ud835\ude5a \ud835\ude56\ud835\ude6a \ud835\ude62\ud835\ude64\ud835\ude63\ud835\ude59\ud835\ude5a \ud835\ude59\ud835\ude5a \ud835\ude6b\ud835\ude64\ud835\ude69\ud835\ude67\ud835\ude5a \ud835\ude57\u00e9\ud835\ude57\u00e9.<\/p><p>Tarif: <b>25\u20ac\/personne<\/b><\/p><p>Inscriptions <a href=\"http:\/\/www.bulle-sacree.be\/dounia\/index.php\/contact\/\">ici<\/a><\/p><\/div><\/div>\n\t\t\t\t<\/div>\n\t\t\t\t<\/div>\n\t\t\t\t\t\t<\/div>\n\t\t\t\t\t<\/div>\n\t\t<\/div>\n\t\t\t\t\t\t\t\t<\/div>\n\t\t\t\t\t<\/div>\n\t\t<\/section>\n\t\t\t\t\t\t<\/div>\n\t\t\t\t\t\t<\/div>\n\t\t\t\t\t<\/div>\n\t\t","protected":false},"excerpt":{"rendered":"<p>J\u2019organise ces rencontres autour de la p\u00e9riode postnatale afin de pr\u00e9parer\u00a0 et d&rsquo;informer autour de cette pr\u00e9cieuse p\u00e9riode. J&rsquo;ai \u00e0 c\u0153ur de vous proposer cet espace qui aura pour but de \ud835\ude58\ud835\ude5d\ud835\ude5a\ud835\ude62\ud835\ude5e\ud835\ude63\ud835\ude5a\ud835\ude67 \ud835\ude5a\ud835\ude63\ud835\ude68\ud835\ude5a\ud835\ude62\ud835\ude57\ud835\ude61\ud835\ude5a \ud835\ude56\ud835\ude6a\ud835\ude69\ud835\ude64\ud835\ude6a\ud835\ude67 \ud835\ude59\ud835\ude5a \ud835\ude58\ud835\ude5a \ud835\ude66\ud835\ude6a\u2019\ud835\ude5a\ud835\ude68\ud835\ude69 \ud835\ude61\ud835\ude56 \ud835\ude65\u00e9\ud835\ude67\ud835\ude5e\ud835\ude64\ud835\ude59\ud835\ude5a \ud835\ude65\ud835\ude64\ud835\ude68\ud835\ude69\ud835\ude63\ud835\ude56\ud835\ude69\ud835\ude56\ud835\ude61\ud835\ude5a \ud835\ude5a\ud835\ude69 \ud835\ude59\u2019\ud835\ude56\ud835\ude65\ud835\ude65\ud835\ude67\ud835\ude5a\ud835\ude63\ud835\ude59\ud835\ude67\ud835\ude5a \u00e0 \ud835\ude58\ud835\ude5d\ud835\ude64\ud835\ude6e\ud835\ude5a\ud835\ude67 \ud835\ude58\ud835\ude5a\ud835\ude68 \ud835\ude5e\ud835\ude63\ud835\ude68\ud835\ude69\ud835\ude56\ud835\ude63\ud835\ude69\ud835\ude68.\u00a0Je mets mes \ud835\ude58\ud835\ude64\ud835\ude63\ud835\ude63\ud835\ude56\ud835\ude5e\ud835\ude68\ud835\ude68\ud835\ude56\ud835\ude63\ud835\ude58\ud835\ude5a\ud835\ude68 \ud835\ude59\ud835\ude5a \ud835\ude3f\ud835\ude64\ud835\ude6a\ud835\ude61\ud835\ude56\ud835\ude68 \u00e0 \ud835\ude6b\ud835\ude64\ud835\ude69\ud835\ude67\ud835\ude5a \ud835\ude59\ud835\ude5e\ud835\ude68\ud835\ude65\ud835\ude64\ud835\ude68\ud835\ude5e\ud835\ude69\ud835\ude5e\ud835\ude64\ud835\ude63 afin [&hellip;]<\/p>\n","protected":false},"author":2,"featured_media":0,"parent":299,"menu_order":0,"comment_status":"closed","ping_status":"closed","template":"","meta":{"footnotes":""},"class_list":["post-1115","page","type-page","status-publish","hentry"],"_links":{"self":[{"href":"http:\/\/www.bulle-sacree.be\/dounia\/index.php\/wp-json\/wp\/v2\/pages\/1115","targetHints":{"allow":["GET"]}}],"collection":[{"href":"http:\/\/www.bulle-sacree.be\/dounia\/index.php\/wp-json\/wp\/v2\/pages"}],"about":[{"href":"http:\/\/www.bulle-sacree.be\/dounia\/index.php\/wp-json\/wp\/v2\/types\/page"}],"author":[{"embeddable":true,"href":"http:\/\/www.bulle-sacree.be\/dounia\/index.php\/wp-json\/wp\/v2\/users\/2"}],"replies":[{"embeddable":true,"href":"http:\/\/www.bulle-sacree.be\/dounia\/index.php\/wp-json\/wp\/v2\/comments?post=1115"}],"version-history":[{"count":26,"href":"http:\/\/www.bulle-sacree.be\/dounia\/index.php\/wp-json\/wp\/v2\/pages\/1115\/revisions"}],"predecessor-version":[{"id":1602,"href":"http:\/\/www.bulle-sacree.be\/dounia\/index.php\/wp-json\/wp\/v2\/pages\/1115\/revisions\/1602"}],"up":[{"embeddable":true,"href":"http:\/\/www.bulle-sacree.be\/dounia\/index.php\/wp-json\/wp\/v2\/pages\/299"}],"wp:attachment":[{"href":"http:\/\/www.bulle-sacree.be\/dounia\/index.php\/wp-json\/wp\/v2\/media?parent=1115"}],"curies":[{"name":"wp","href":"https:\/\/api.w.org\/{rel}","templated":true}]}}