{"id":101,"date":"2019-11-16T23:26:52","date_gmt":"2019-11-16T22:26:52","guid":{"rendered":"http:\/\/www.bulle-sacree.be\/dounia\/?page_id=101"},"modified":"2022-02-15T15:47:19","modified_gmt":"2022-02-15T14:47:19","slug":"agenda","status":"publish","type":"page","link":"http:\/\/www.bulle-sacree.be\/dounia\/index.php\/agenda\/","title":{"rendered":"Agenda"},"content":{"rendered":"\t\t<div data-elementor-type=\"wp-page\" data-elementor-id=\"101\" class=\"elementor elementor-101\" data-elementor-settings=\"[]\">\n\t\t\t\t\t\t<div class=\"elementor-inner\">\n\t\t\t\t\t\t\t<div class=\"elementor-section-wrap\">\n\t\t\t\t\t\t\t<section class=\"elementor-section elementor-top-section elementor-element elementor-element-3d0f058a elementor-section-content-middle elementor-section-boxed elementor-section-height-default elementor-section-height-default\" data-id=\"3d0f058a\" data-element_type=\"section\">\n\t\t\t\t\t\t<div class=\"elementor-container elementor-column-gap-default\">\n\t\t\t\t\t\t\t<div class=\"elementor-row\">\n\t\t\t\t\t<div class=\"elementor-column elementor-col-50 elementor-top-column elementor-element elementor-element-28b3dcee\" data-id=\"28b3dcee\" data-element_type=\"column\">\n\t\t\t<div class=\"elementor-column-wrap elementor-element-populated\">\n\t\t\t\t\t\t\t<div class=\"elementor-widget-wrap\">\n\t\t\t\t\t\t<div class=\"elementor-element elementor-element-3d4d716 elementor-widget elementor-widget-image\" data-id=\"3d4d716\" data-element_type=\"widget\" data-widget_type=\"image.default\">\n\t\t\t\t<div class=\"elementor-widget-container\">\n\t\t\t\t\t<div class=\"elementor-image\">\n\t\t\t\t\t\t\t\t\t\t<img loading=\"lazy\" decoding=\"async\" width=\"300\" height=\"300\" src=\"http:\/\/www.bulle-sacree.be\/dounia\/wp-content\/uploads\/2021\/02\/Agenda-300x300.png\" class=\"attachment-medium size-medium\" alt=\"\" srcset=\"http:\/\/www.bulle-sacree.be\/dounia\/wp-content\/uploads\/2021\/02\/Agenda-300x300.png 300w, http:\/\/www.bulle-sacree.be\/dounia\/wp-content\/uploads\/2021\/02\/Agenda-150x150.png 150w, http:\/\/www.bulle-sacree.be\/dounia\/wp-content\/uploads\/2021\/02\/Agenda-768x768.png 768w, http:\/\/www.bulle-sacree.be\/dounia\/wp-content\/uploads\/2021\/02\/Agenda.png 800w\" sizes=\"auto, (max-width: 300px) 100vw, 300px\" \/>\t\t\t\t\t\t\t\t\t\t\t<\/div>\n\t\t\t\t<\/div>\n\t\t\t\t<\/div>\n\t\t\t\t\t\t<\/div>\n\t\t\t\t\t<\/div>\n\t\t<\/div>\n\t\t\t\t<div class=\"elementor-column elementor-col-50 elementor-top-column elementor-element elementor-element-ea65389\" data-id=\"ea65389\" data-element_type=\"column\">\n\t\t\t<div class=\"elementor-column-wrap elementor-element-populated\">\n\t\t\t\t\t\t\t<div class=\"elementor-widget-wrap\">\n\t\t\t\t\t\t<div class=\"elementor-element elementor-element-38b6bda elementor-widget elementor-widget-text-editor\" data-id=\"38b6bda\" data-element_type=\"widget\" data-widget_type=\"text-editor.default\">\n\t\t\t\t<div class=\"elementor-widget-container\">\n\t\t\t\t\t<div class=\"elementor-text-editor elementor-clearfix\"><p>Retrouvez l&rsquo;agenda de toutes mes activit\u00e9s ci-dessous ou consultez la <a href=\"https:\/\/www.facebook.com\/bullesacree\">page Facebook<\/a> pour ne manquer aucun \u00e9v\u00e8nement.<\/p><\/div>\n\t\t\t\t<\/div>\n\t\t\t\t<\/div>\n\t\t\t\t\t\t<\/div>\n\t\t\t\t\t<\/div>\n\t\t<\/div>\n\t\t\t\t\t\t\t\t<\/div>\n\t\t\t\t\t<\/div>\n\t\t<\/section>\n\t\t\t\t<section class=\"elementor-section elementor-top-section elementor-element elementor-element-60c0b49 elementor-section-boxed elementor-section-height-default elementor-section-height-default\" data-id=\"60c0b49\" data-element_type=\"section\">\n\t\t\t\t\t\t<div class=\"elementor-container elementor-column-gap-default\">\n\t\t\t\t\t\t\t<div class=\"elementor-row\">\n\t\t\t\t\t<div class=\"elementor-column elementor-col-50 elementor-top-column elementor-element elementor-element-b89f8d8\" data-id=\"b89f8d8\" data-element_type=\"column\">\n\t\t\t<div class=\"elementor-column-wrap elementor-element-populated\">\n\t\t\t\t\t\t\t<div class=\"elementor-widget-wrap\">\n\t\t\t\t\t\t<div class=\"elementor-element elementor-element-ae09bca elementor-widget elementor-widget-image\" data-id=\"ae09bca\" data-element_type=\"widget\" data-widget_type=\"image.default\">\n\t\t\t\t<div class=\"elementor-widget-container\">\n\t\t\t\t\t<div class=\"elementor-image\">\n\t\t\t\t\t\t\t\t\t\t<img loading=\"lazy\" decoding=\"async\" width=\"640\" height=\"360\" src=\"http:\/\/www.bulle-sacree.be\/dounia\/wp-content\/uploads\/2021\/05\/Evenement-Bulle-Sacree-5-1024x576.png\" class=\"attachment-large size-large\" alt=\"\" srcset=\"http:\/\/www.bulle-sacree.be\/dounia\/wp-content\/uploads\/2021\/05\/Evenement-Bulle-Sacree-5-1024x576.png 1024w, http:\/\/www.bulle-sacree.be\/dounia\/wp-content\/uploads\/2021\/05\/Evenement-Bulle-Sacree-5-300x169.png 300w, http:\/\/www.bulle-sacree.be\/dounia\/wp-content\/uploads\/2021\/05\/Evenement-Bulle-Sacree-5-768x432.png 768w, http:\/\/www.bulle-sacree.be\/dounia\/wp-content\/uploads\/2021\/05\/Evenement-Bulle-Sacree-5-1536x864.png 1536w, http:\/\/www.bulle-sacree.be\/dounia\/wp-content\/uploads\/2021\/05\/Evenement-Bulle-Sacree-5.png 1920w\" sizes=\"auto, (max-width: 640px) 100vw, 640px\" \/>\t\t\t\t\t\t\t\t\t\t\t<\/div>\n\t\t\t\t<\/div>\n\t\t\t\t<\/div>\n\t\t\t\t\t\t<\/div>\n\t\t\t\t\t<\/div>\n\t\t<\/div>\n\t\t\t\t<div class=\"elementor-column elementor-col-50 elementor-top-column elementor-element elementor-element-8fe77bf\" data-id=\"8fe77bf\" data-element_type=\"column\">\n\t\t\t<div class=\"elementor-column-wrap elementor-element-populated\">\n\t\t\t\t\t\t\t<div class=\"elementor-widget-wrap\">\n\t\t\t\t\t\t<div class=\"elementor-element elementor-element-7640719 elementor-widget elementor-widget-text-editor\" data-id=\"7640719\" data-element_type=\"widget\" data-widget_type=\"text-editor.default\">\n\t\t\t\t<div class=\"elementor-widget-container\">\n\t\t\t\t\t<div class=\"elementor-text-editor elementor-clearfix\"><h2>Tente rouge<\/h2><\/div>\n\t\t\t\t<\/div>\n\t\t\t\t<\/div>\n\t\t\t\t<div class=\"elementor-element elementor-element-529696e elementor-widget elementor-widget-text-editor\" data-id=\"529696e\" data-element_type=\"widget\" data-widget_type=\"text-editor.default\">\n\t\t\t\t<div class=\"elementor-widget-container\">\n\t\t\t\t\t<div class=\"elementor-text-editor elementor-clearfix\"><p>Prochaines dates: <b><br \/><br \/><\/b><\/p><p><b><\/b>Horaire:<b> 20h \u00e0 22h30<\/b><\/p><p>Infos suppl\u00e9mentaires <a href=\"http:\/\/www.bulle-sacree.be\/dounia\/index.php\/tentes-rouges\/\">ici<\/a><br \/>Inscriptions <a href=\"http:\/\/www.bulle-sacree.be\/dounia\/index.php\/contact\/\">ici<\/a><\/p><\/div>\n\t\t\t\t<\/div>\n\t\t\t\t<\/div>\n\t\t\t\t<div class=\"elementor-element elementor-element-1b51b6f elementor-align-right elementor-widget elementor-widget-button\" data-id=\"1b51b6f\" data-element_type=\"widget\" data-widget_type=\"button.default\">\n\t\t\t\t<div class=\"elementor-widget-container\">\n\t\t\t\t\t<div class=\"elementor-button-wrapper\">\n\t\t\t<a href=\"mailto:dounia.ouz@hotmail.be\" class=\"elementor-button-link elementor-button elementor-size-sm\" role=\"button\">\n\t\t\t\t\t\t<span class=\"elementor-button-content-wrapper\">\n\t\t\t\t\t\t<span class=\"elementor-button-text\">S'inscrire<\/span>\n\t\t<\/span>\n\t\t\t\t\t<\/a>\n\t\t<\/div>\n\t\t\t\t<\/div>\n\t\t\t\t<\/div>\n\t\t\t\t\t\t<\/div>\n\t\t\t\t\t<\/div>\n\t\t<\/div>\n\t\t\t\t\t\t\t\t<\/div>\n\t\t\t\t\t<\/div>\n\t\t<\/section>\n\t\t\t\t<section class=\"elementor-section elementor-top-section elementor-element elementor-element-42f10c0 elementor-section-boxed elementor-section-height-default elementor-section-height-default\" data-id=\"42f10c0\" data-element_type=\"section\">\n\t\t\t\t\t\t<div class=\"elementor-container elementor-column-gap-default\">\n\t\t\t\t\t\t\t<div class=\"elementor-row\">\n\t\t\t\t\t<div class=\"elementor-column elementor-col-50 elementor-top-column elementor-element elementor-element-b1ec1f0\" data-id=\"b1ec1f0\" data-element_type=\"column\">\n\t\t\t<div class=\"elementor-column-wrap elementor-element-populated\">\n\t\t\t\t\t\t\t<div class=\"elementor-widget-wrap\">\n\t\t\t\t\t\t<div class=\"elementor-element elementor-element-71d356b elementor-widget elementor-widget-image\" data-id=\"71d356b\" data-element_type=\"widget\" data-widget_type=\"image.default\">\n\t\t\t\t<div class=\"elementor-widget-container\">\n\t\t\t\t\t<div class=\"elementor-image\">\n\t\t\t\t\t\t\t\t\t\t<img loading=\"lazy\" decoding=\"async\" width=\"640\" height=\"360\" src=\"http:\/\/www.bulle-sacree.be\/dounia\/wp-content\/uploads\/2021\/03\/122668184_773728496527646_1402233689793703427_o-1024x576.jpg\" class=\"attachment-large size-large\" alt=\"\" srcset=\"http:\/\/www.bulle-sacree.be\/dounia\/wp-content\/uploads\/2021\/03\/122668184_773728496527646_1402233689793703427_o-1024x576.jpg 1024w, http:\/\/www.bulle-sacree.be\/dounia\/wp-content\/uploads\/2021\/03\/122668184_773728496527646_1402233689793703427_o-300x169.jpg 300w, http:\/\/www.bulle-sacree.be\/dounia\/wp-content\/uploads\/2021\/03\/122668184_773728496527646_1402233689793703427_o-768x432.jpg 768w, http:\/\/www.bulle-sacree.be\/dounia\/wp-content\/uploads\/2021\/03\/122668184_773728496527646_1402233689793703427_o-1536x864.jpg 1536w, http:\/\/www.bulle-sacree.be\/dounia\/wp-content\/uploads\/2021\/03\/122668184_773728496527646_1402233689793703427_o.jpg 1707w\" sizes=\"auto, (max-width: 640px) 100vw, 640px\" \/>\t\t\t\t\t\t\t\t\t\t\t<\/div>\n\t\t\t\t<\/div>\n\t\t\t\t<\/div>\n\t\t\t\t\t\t<\/div>\n\t\t\t\t\t<\/div>\n\t\t<\/div>\n\t\t\t\t<div class=\"elementor-column elementor-col-50 elementor-top-column elementor-element elementor-element-40a21fd\" data-id=\"40a21fd\" data-element_type=\"column\">\n\t\t\t<div class=\"elementor-column-wrap elementor-element-populated\">\n\t\t\t\t\t\t\t<div class=\"elementor-widget-wrap\">\n\t\t\t\t\t\t<div class=\"elementor-element elementor-element-715f458 elementor-widget elementor-widget-text-editor\" data-id=\"715f458\" data-element_type=\"widget\" data-widget_type=\"text-editor.default\">\n\t\t\t\t<div class=\"elementor-widget-container\">\n\t\t\t\t\t<div class=\"elementor-text-editor elementor-clearfix\"><h2>Cercle de par&rsquo;anges<\/h2><\/div>\n\t\t\t\t<\/div>\n\t\t\t\t<\/div>\n\t\t\t\t<div class=\"elementor-element elementor-element-62130d6 elementor-widget elementor-widget-text-editor\" data-id=\"62130d6\" data-element_type=\"widget\" data-widget_type=\"text-editor.default\">\n\t\t\t\t<div class=\"elementor-widget-container\">\n\t\t\t\t\t<div class=\"elementor-text-editor elementor-clearfix\"><div class=\"o9v6fnle cxmmr5t8 oygrvhab hcukyx3x c1et5uql\"><p>Prochaines dates:<br \/><b>\u00b0 17 f\u00e9vrier<br \/>\u00b0 21 Avril<\/b><\/p><p>Horaire:<span style=\"font-weight: bold; color: var( --e-global-color-text ); font-family: var( --e-global-typography-text-font-family ), Sans-serif;\">\u00a0<\/span><span style=\"font-weight: bold; color: var( --e-global-color-text ); font-family: var( --e-global-typography-text-font-family ), Sans-serif;\">19h \u00e0 21h<\/span><\/p><\/div><div class=\"o9v6fnle cxmmr5t8 oygrvhab hcukyx3x c1et5uql\"><p>Infos suppl\u00e9mentaires:\u00a0<a href=\"http:\/\/www.bulle-sacree.be\/dounia\/index.php\/accompagnement-des-femmes\/cercles-de-paranges\/\">ici<\/a><br \/>Inscriptions <a href=\"http:\/\/www.bulle-sacree.be\/dounia\/index.php\/contact\/\">ici<\/a>\u00a0<\/p><p>Je propose \u00e9galement un massage \u00ab\u00a0deuil p\u00e9rinatal\u00a0\u00bb, infos <a href=\"http:\/\/www.bulle-sacree.be\/dounia\/index.php\/deuil\/\">ici<\/a><\/p><\/div><\/div>\n\t\t\t\t<\/div>\n\t\t\t\t<\/div>\n\t\t\t\t<div class=\"elementor-element elementor-element-b3b030a elementor-align-right elementor-widget elementor-widget-button\" data-id=\"b3b030a\" data-element_type=\"widget\" data-widget_type=\"button.default\">\n\t\t\t\t<div class=\"elementor-widget-container\">\n\t\t\t\t\t<div class=\"elementor-button-wrapper\">\n\t\t\t<a href=\"mailto:dounia.ouz@hotmail.be\" class=\"elementor-button-link elementor-button elementor-size-sm\" role=\"button\">\n\t\t\t\t\t\t<span class=\"elementor-button-content-wrapper\">\n\t\t\t\t\t\t<span class=\"elementor-button-text\">S'inscrire<\/span>\n\t\t<\/span>\n\t\t\t\t\t<\/a>\n\t\t<\/div>\n\t\t\t\t<\/div>\n\t\t\t\t<\/div>\n\t\t\t\t\t\t<\/div>\n\t\t\t\t\t<\/div>\n\t\t<\/div>\n\t\t\t\t\t\t\t\t<\/div>\n\t\t\t\t\t<\/div>\n\t\t<\/section>\n\t\t\t\t<section class=\"elementor-section elementor-top-section elementor-element elementor-element-526a120 elementor-section-boxed elementor-section-height-default elementor-section-height-default\" data-id=\"526a120\" data-element_type=\"section\">\n\t\t\t\t\t\t<div class=\"elementor-container elementor-column-gap-default\">\n\t\t\t\t\t\t\t<div class=\"elementor-row\">\n\t\t\t\t\t<div class=\"elementor-column elementor-col-50 elementor-top-column elementor-element elementor-element-d929c96\" data-id=\"d929c96\" data-element_type=\"column\">\n\t\t\t<div class=\"elementor-column-wrap elementor-element-populated\">\n\t\t\t\t\t\t\t<div class=\"elementor-widget-wrap\">\n\t\t\t\t\t\t<div class=\"elementor-element elementor-element-8739468 elementor-widget elementor-widget-image\" data-id=\"8739468\" data-element_type=\"widget\" data-widget_type=\"image.default\">\n\t\t\t\t<div class=\"elementor-widget-container\">\n\t\t\t\t\t<div class=\"elementor-image\">\n\t\t\t\t\t\t\t\t\t\t<img loading=\"lazy\" decoding=\"async\" width=\"640\" height=\"360\" src=\"http:\/\/www.bulle-sacree.be\/dounia\/wp-content\/uploads\/2021\/10\/Evenement-Bulle-Sacree-1024x576.jpg\" class=\"attachment-large size-large\" alt=\"\" srcset=\"http:\/\/www.bulle-sacree.be\/dounia\/wp-content\/uploads\/2021\/10\/Evenement-Bulle-Sacree-1024x576.jpg 1024w, http:\/\/www.bulle-sacree.be\/dounia\/wp-content\/uploads\/2021\/10\/Evenement-Bulle-Sacree-300x169.jpg 300w, http:\/\/www.bulle-sacree.be\/dounia\/wp-content\/uploads\/2021\/10\/Evenement-Bulle-Sacree-768x432.jpg 768w, http:\/\/www.bulle-sacree.be\/dounia\/wp-content\/uploads\/2021\/10\/Evenement-Bulle-Sacree-1536x864.jpg 1536w, http:\/\/www.bulle-sacree.be\/dounia\/wp-content\/uploads\/2021\/10\/Evenement-Bulle-Sacree.jpg 1920w\" sizes=\"auto, (max-width: 640px) 100vw, 640px\" \/>\t\t\t\t\t\t\t\t\t\t\t<\/div>\n\t\t\t\t<\/div>\n\t\t\t\t<\/div>\n\t\t\t\t\t\t<\/div>\n\t\t\t\t\t<\/div>\n\t\t<\/div>\n\t\t\t\t<div class=\"elementor-column elementor-col-50 elementor-top-column elementor-element elementor-element-612c322\" data-id=\"612c322\" data-element_type=\"column\">\n\t\t\t<div class=\"elementor-column-wrap elementor-element-populated\">\n\t\t\t\t\t\t\t<div class=\"elementor-widget-wrap\">\n\t\t\t\t\t\t<div class=\"elementor-element elementor-element-94b5fec elementor-widget elementor-widget-text-editor\" data-id=\"94b5fec\" data-element_type=\"widget\" data-widget_type=\"text-editor.default\">\n\t\t\t\t<div class=\"elementor-widget-container\">\n\t\t\t\t\t<div class=\"elementor-text-editor elementor-clearfix\"><h2>Traverser le postpartum\u00a0<\/h2><\/div>\n\t\t\t\t<\/div>\n\t\t\t\t<\/div>\n\t\t\t\t<div class=\"elementor-element elementor-element-0a7c357 elementor-widget elementor-widget-text-editor\" data-id=\"0a7c357\" data-element_type=\"widget\" data-widget_type=\"text-editor.default\">\n\t\t\t\t<div class=\"elementor-widget-container\">\n\t\t\t\t\t<div class=\"elementor-text-editor elementor-clearfix\"><p>Prochaines dates:<br \/><b>\u00b0 22 Mars<\/b><br \/><b>\u00b0 24 Mai<br \/>\u00b0 28 Juin<\/b><\/p><p>Horaire:<b> 18h \u00e0 21h<\/b><\/p><p>Infos suppl\u00e9mentaires ou <a href=\"http:\/\/www.bulle-sacree.be\/dounia\/index.php\/accompagnement-des-femmes\/cercle-post-partum\/\">ici<\/a><br \/>Inscriptions <a href=\"http:\/\/www.bulle-sacree.be\/dounia\/index.php\/contact\/\">ici<\/a><\/p><p>Je propose \u00e9galement un massage pour la p\u00e9riode postnatale, infos <a href=\"http:\/\/www.bulle-sacree.be\/dounia\/index.php\/massage-postnatal\/\">ici<\/a><\/p><\/div>\n\t\t\t\t<\/div>\n\t\t\t\t<\/div>\n\t\t\t\t<div class=\"elementor-element elementor-element-30a9b4e elementor-align-right elementor-widget elementor-widget-button\" data-id=\"30a9b4e\" data-element_type=\"widget\" data-widget_type=\"button.default\">\n\t\t\t\t<div class=\"elementor-widget-container\">\n\t\t\t\t\t<div class=\"elementor-button-wrapper\">\n\t\t\t<a href=\"mailto:dounia.ouz@hotmail.be\" class=\"elementor-button-link elementor-button elementor-size-sm\" role=\"button\">\n\t\t\t\t\t\t<span class=\"elementor-button-content-wrapper\">\n\t\t\t\t\t\t<span class=\"elementor-button-text\">S'inscrire<\/span>\n\t\t<\/span>\n\t\t\t\t\t<\/a>\n\t\t<\/div>\n\t\t\t\t<\/div>\n\t\t\t\t<\/div>\n\t\t\t\t\t\t<\/div>\n\t\t\t\t\t<\/div>\n\t\t<\/div>\n\t\t\t\t\t\t\t\t<\/div>\n\t\t\t\t\t<\/div>\n\t\t<\/section>\n\t\t\t\t<section class=\"elementor-section elementor-top-section elementor-element elementor-element-4bb62cd elementor-section-boxed elementor-section-height-default elementor-section-height-default\" data-id=\"4bb62cd\" data-element_type=\"section\">\n\t\t\t\t\t\t<div class=\"elementor-container elementor-column-gap-default\">\n\t\t\t\t\t\t\t<div class=\"elementor-row\">\n\t\t\t\t\t<div class=\"elementor-column elementor-col-50 elementor-top-column elementor-element elementor-element-d773513\" data-id=\"d773513\" data-element_type=\"column\">\n\t\t\t<div class=\"elementor-column-wrap elementor-element-populated\">\n\t\t\t\t\t\t\t<div class=\"elementor-widget-wrap\">\n\t\t\t\t\t\t<div class=\"elementor-element elementor-element-9355841 elementor-widget elementor-widget-image\" data-id=\"9355841\" data-element_type=\"widget\" data-widget_type=\"image.default\">\n\t\t\t\t<div class=\"elementor-widget-container\">\n\t\t\t\t\t<div class=\"elementor-image\">\n\t\t\t\t\t\t\t\t\t\t<img loading=\"lazy\" decoding=\"async\" width=\"640\" height=\"360\" src=\"http:\/\/www.bulle-sacree.be\/dounia\/wp-content\/uploads\/2021\/05\/Evenement-Bulle-Sacree-3-1024x576.png\" class=\"attachment-large size-large\" alt=\"\" srcset=\"http:\/\/www.bulle-sacree.be\/dounia\/wp-content\/uploads\/2021\/05\/Evenement-Bulle-Sacree-3-1024x576.png 1024w, http:\/\/www.bulle-sacree.be\/dounia\/wp-content\/uploads\/2021\/05\/Evenement-Bulle-Sacree-3-300x169.png 300w, http:\/\/www.bulle-sacree.be\/dounia\/wp-content\/uploads\/2021\/05\/Evenement-Bulle-Sacree-3-768x432.png 768w, http:\/\/www.bulle-sacree.be\/dounia\/wp-content\/uploads\/2021\/05\/Evenement-Bulle-Sacree-3-1536x864.png 1536w, http:\/\/www.bulle-sacree.be\/dounia\/wp-content\/uploads\/2021\/05\/Evenement-Bulle-Sacree-3.png 1920w\" sizes=\"auto, (max-width: 640px) 100vw, 640px\" \/>\t\t\t\t\t\t\t\t\t\t\t<\/div>\n\t\t\t\t<\/div>\n\t\t\t\t<\/div>\n\t\t\t\t\t\t<\/div>\n\t\t\t\t\t<\/div>\n\t\t<\/div>\n\t\t\t\t<div class=\"elementor-column elementor-col-50 elementor-top-column elementor-element elementor-element-8e5ba99\" data-id=\"8e5ba99\" data-element_type=\"column\">\n\t\t\t<div class=\"elementor-column-wrap elementor-element-populated\">\n\t\t\t\t\t\t\t<div class=\"elementor-widget-wrap\">\n\t\t\t\t\t\t<div class=\"elementor-element elementor-element-6feaf4e elementor-widget elementor-widget-text-editor\" data-id=\"6feaf4e\" data-element_type=\"widget\" data-widget_type=\"text-editor.default\">\n\t\t\t\t<div class=\"elementor-widget-container\">\n\t\t\t\t\t<div class=\"elementor-text-editor elementor-clearfix\"><h2>Cercles Mamans &#8211; B\u00e9b\u00e9s<\/h2><\/div>\n\t\t\t\t<\/div>\n\t\t\t\t<\/div>\n\t\t\t\t<div class=\"elementor-element elementor-element-987716f elementor-widget elementor-widget-text-editor\" data-id=\"987716f\" data-element_type=\"widget\" data-widget_type=\"text-editor.default\">\n\t\t\t\t<div class=\"elementor-widget-container\">\n\t\t\t\t\t<div class=\"elementor-text-editor elementor-clearfix\"><p>Prochaines dates:<br \/><b>\u00b0 22, 29 Avril, 6 et 13 Mai<br \/>\u00b0 20 et 27 Mai, 3 et 10 Juin<\/b><\/p><p><b><br \/><\/b>Horaire:<b> 10h \u00e0 12h<\/b><\/p><p>Infos suppl\u00e9mentaires <a href=\"http:\/\/www.bulle-sacree.be\/dounia\/index.php\/accompagnement-des-femmes\/cercles-maman-bebe\/\">ici<\/a>\u00a0<br \/>Inscriptions <a href=\"http:\/\/www.bulle-sacree.be\/dounia\/index.php\/contact\/\">ici<\/a><\/p><\/div>\n\t\t\t\t<\/div>\n\t\t\t\t<\/div>\n\t\t\t\t<div class=\"elementor-element elementor-element-f0d0680 elementor-align-right elementor-widget elementor-widget-button\" data-id=\"f0d0680\" data-element_type=\"widget\" data-widget_type=\"button.default\">\n\t\t\t\t<div class=\"elementor-widget-container\">\n\t\t\t\t\t<div class=\"elementor-button-wrapper\">\n\t\t\t<a href=\"mailto:dounia.ouz@hotmail.be\" class=\"elementor-button-link elementor-button elementor-size-sm\" role=\"button\">\n\t\t\t\t\t\t<span class=\"elementor-button-content-wrapper\">\n\t\t\t\t\t\t<span class=\"elementor-button-text\">S'inscrire<\/span>\n\t\t<\/span>\n\t\t\t\t\t<\/a>\n\t\t<\/div>\n\t\t\t\t<\/div>\n\t\t\t\t<\/div>\n\t\t\t\t\t\t<\/div>\n\t\t\t\t\t<\/div>\n\t\t<\/div>\n\t\t\t\t\t\t\t\t<\/div>\n\t\t\t\t\t<\/div>\n\t\t<\/section>\n\t\t\t\t<section class=\"elementor-section elementor-top-section elementor-element elementor-element-6c27d6c elementor-section-boxed elementor-section-height-default elementor-section-height-default\" data-id=\"6c27d6c\" data-element_type=\"section\">\n\t\t\t\t\t\t<div class=\"elementor-container elementor-column-gap-default\">\n\t\t\t\t\t\t\t<div class=\"elementor-row\">\n\t\t\t\t\t<div class=\"elementor-column elementor-col-50 elementor-top-column elementor-element elementor-element-8c1ac24\" data-id=\"8c1ac24\" data-element_type=\"column\">\n\t\t\t<div class=\"elementor-column-wrap elementor-element-populated\">\n\t\t\t\t\t\t\t<div class=\"elementor-widget-wrap\">\n\t\t\t\t\t\t<div class=\"elementor-element elementor-element-cf82505 elementor-widget elementor-widget-image\" data-id=\"cf82505\" data-element_type=\"widget\" data-widget_type=\"image.default\">\n\t\t\t\t<div class=\"elementor-widget-container\">\n\t\t\t\t\t<div class=\"elementor-image\">\n\t\t\t\t\t\t\t\t\t\t<img loading=\"lazy\" decoding=\"async\" width=\"640\" height=\"360\" src=\"http:\/\/www.bulle-sacree.be\/dounia\/wp-content\/uploads\/2022\/02\/6-1024x576.png\" class=\"attachment-large size-large\" alt=\"\" srcset=\"http:\/\/www.bulle-sacree.be\/dounia\/wp-content\/uploads\/2022\/02\/6-1024x576.png 1024w, http:\/\/www.bulle-sacree.be\/dounia\/wp-content\/uploads\/2022\/02\/6-300x169.png 300w, http:\/\/www.bulle-sacree.be\/dounia\/wp-content\/uploads\/2022\/02\/6-768x432.png 768w, http:\/\/www.bulle-sacree.be\/dounia\/wp-content\/uploads\/2022\/02\/6-1536x864.png 1536w, http:\/\/www.bulle-sacree.be\/dounia\/wp-content\/uploads\/2022\/02\/6.png 1920w\" sizes=\"auto, (max-width: 640px) 100vw, 640px\" \/>\t\t\t\t\t\t\t\t\t\t\t<\/div>\n\t\t\t\t<\/div>\n\t\t\t\t<\/div>\n\t\t\t\t\t\t<\/div>\n\t\t\t\t\t<\/div>\n\t\t<\/div>\n\t\t\t\t<div class=\"elementor-column elementor-col-50 elementor-top-column elementor-element elementor-element-f34b636\" data-id=\"f34b636\" data-element_type=\"column\">\n\t\t\t<div class=\"elementor-column-wrap elementor-element-populated\">\n\t\t\t\t\t\t\t<div class=\"elementor-widget-wrap\">\n\t\t\t\t\t\t<div class=\"elementor-element elementor-element-5ee17cc elementor-widget elementor-widget-text-editor\" data-id=\"5ee17cc\" data-element_type=\"widget\" data-widget_type=\"text-editor.default\">\n\t\t\t\t<div class=\"elementor-widget-container\">\n\t\t\t\t\t<div class=\"elementor-text-editor elementor-clearfix\"><h2>Atelier massage B\u00e9b\u00e9<\/h2><\/div>\n\t\t\t\t<\/div>\n\t\t\t\t<\/div>\n\t\t\t\t<div class=\"elementor-element elementor-element-ac9f3e0 elementor-widget elementor-widget-text-editor\" data-id=\"ac9f3e0\" data-element_type=\"widget\" data-widget_type=\"text-editor.default\">\n\t\t\t\t<div class=\"elementor-widget-container\">\n\t\t\t\t\t<div class=\"elementor-text-editor elementor-clearfix\"><p>Prochaines dates:<br \/><b>\u00b0 10 Mars<br \/>\u00b0 24 Mars<br \/>\u00b0 21 Avril<br \/>\u00b0 5 Mai<br \/>\u00b0 19 Mai<br \/>\u00b0 2 Juin<br \/>\u00b0 16 Juin<\/b><\/p><p><b><br \/><\/b>Horaire:<b> 10h \u00e0 12h<\/b><\/p><p>Infos suppl\u00e9mentaires et inscriptions <a href=\"http:\/\/www.bulle-sacree.be\/dounia\/index.php\/contact\/\">ici<\/a><br \/>Voir <a href=\"https:\/\/www.facebook.com\/bullesacree\">page facebook<\/a> pour d\u00e9tails\u00a0<\/p><\/div>\n\t\t\t\t<\/div>\n\t\t\t\t<\/div>\n\t\t\t\t<div class=\"elementor-element elementor-element-d8b3ce5 elementor-align-right elementor-widget elementor-widget-button\" data-id=\"d8b3ce5\" data-element_type=\"widget\" data-widget_type=\"button.default\">\n\t\t\t\t<div class=\"elementor-widget-container\">\n\t\t\t\t\t<div class=\"elementor-button-wrapper\">\n\t\t\t<a href=\"mailto:dounia.ouz@hotmail.be\" class=\"elementor-button-link elementor-button elementor-size-sm\" role=\"button\">\n\t\t\t\t\t\t<span class=\"elementor-button-content-wrapper\">\n\t\t\t\t\t\t<span class=\"elementor-button-text\">S'inscrire<\/span>\n\t\t<\/span>\n\t\t\t\t\t<\/a>\n\t\t<\/div>\n\t\t\t\t<\/div>\n\t\t\t\t<\/div>\n\t\t\t\t\t\t<\/div>\n\t\t\t\t\t<\/div>\n\t\t<\/div>\n\t\t\t\t\t\t\t\t<\/div>\n\t\t\t\t\t<\/div>\n\t\t<\/section>\n\t\t\t\t<section class=\"elementor-section elementor-top-section elementor-element elementor-element-8a23bb2 elementor-section-boxed elementor-section-height-default elementor-section-height-default\" data-id=\"8a23bb2\" data-element_type=\"section\">\n\t\t\t\t\t\t<div class=\"elementor-container elementor-column-gap-default\">\n\t\t\t\t\t\t\t<div class=\"elementor-row\">\n\t\t\t\t\t<div class=\"elementor-column elementor-col-100 elementor-top-column elementor-element elementor-element-4cf8083\" data-id=\"4cf8083\" data-element_type=\"column\">\n\t\t\t<div class=\"elementor-column-wrap\">\n\t\t\t\t\t\t\t<div class=\"elementor-widget-wrap\">\n\t\t\t\t\t\t\t\t<\/div>\n\t\t\t\t\t<\/div>\n\t\t<\/div>\n\t\t\t\t\t\t\t\t<\/div>\n\t\t\t\t\t<\/div>\n\t\t<\/section>\n\t\t\t\t\t\t<\/div>\n\t\t\t\t\t\t<\/div>\n\t\t\t\t\t<\/div>\n\t\t","protected":false},"excerpt":{"rendered":"<p>Retrouvez l&rsquo;agenda de toutes mes activit\u00e9s ci-dessous ou consultez la page Facebook pour ne manquer aucun \u00e9v\u00e8nement. Tente rouge Prochaines dates: Horaire: 20h \u00e0 22h30 Infos suppl\u00e9mentaires iciInscriptions ici S&rsquo;inscrire Cercle de par&rsquo;anges Prochaines dates:\u00b0 17 f\u00e9vrier\u00b0 21 Avril Horaire:\u00a019h \u00e0 21h Infos suppl\u00e9mentaires:\u00a0iciInscriptions ici\u00a0 Je propose \u00e9galement un massage \u00ab\u00a0deuil p\u00e9rinatal\u00a0\u00bb, infos ici S&rsquo;inscrire [&hellip;]<\/p>\n","protected":false},"author":1,"featured_media":0,"parent":0,"menu_order":0,"comment_status":"closed","ping_status":"closed","template":"","meta":{"footnotes":""},"class_list":["post-101","page","type-page","status-publish","hentry"],"_links":{"self":[{"href":"http:\/\/www.bulle-sacree.be\/dounia\/index.php\/wp-json\/wp\/v2\/pages\/101","targetHints":{"allow":["GET"]}}],"collection":[{"href":"http:\/\/www.bulle-sacree.be\/dounia\/index.php\/wp-json\/wp\/v2\/pages"}],"about":[{"href":"http:\/\/www.bulle-sacree.be\/dounia\/index.php\/wp-json\/wp\/v2\/types\/page"}],"author":[{"embeddable":true,"href":"http:\/\/www.bulle-sacree.be\/dounia\/index.php\/wp-json\/wp\/v2\/users\/1"}],"replies":[{"embeddable":true,"href":"http:\/\/www.bulle-sacree.be\/dounia\/index.php\/wp-json\/wp\/v2\/comments?post=101"}],"version-history":[{"count":90,"href":"http:\/\/www.bulle-sacree.be\/dounia\/index.php\/wp-json\/wp\/v2\/pages\/101\/revisions"}],"predecessor-version":[{"id":1468,"href":"http:\/\/www.bulle-sacree.be\/dounia\/index.php\/wp-json\/wp\/v2\/pages\/101\/revisions\/1468"}],"wp:attachment":[{"href":"http:\/\/www.bulle-sacree.be\/dounia\/index.php\/wp-json\/wp\/v2\/media?parent=101"}],"curies":[{"name":"wp","href":"https:\/\/api.w.org\/{rel}","templated":true}]}}